{"id":854,"date":"2021-06-05T10:21:34","date_gmt":"2021-06-05T10:21:34","guid":{"rendered":"http:\/\/danielo34.sg-host.com\/?page_id=854"},"modified":"2021-06-17T22:59:42","modified_gmt":"2021-06-17T22:59:42","slug":"paseos-barco-denia-travesias-magicas","status":"publish","type":"page","link":"https:\/\/alquilerbarcodenia.com\/en\/paseos-barco-denia-travesias-magicas\/","title":{"rendered":"Paseos en barco en D\u00e9nia: Traves\u00edas m\u00e1gicas BLOG"},"content":{"rendered":"<div data-elementor-type=\"wp-page\" data-elementor-id=\"854\" class=\"elementor elementor-854\" data-elementor-post-type=\"page\">\n\t\t\t\t\t\t<section class=\"elementor-section elementor-top-section elementor-element elementor-element-5d9852ce elementor-section-boxed elementor-section-height-default elementor-section-height-default\" data-id=\"5d9852ce\" data-element_type=\"section\" data-e-type=\"section\" data-settings=\"{&quot;background_background&quot;:&quot;classic&quot;}\">\n\t\t\t\t\t\t<div class=\"elementor-container elementor-column-gap-default\">\n\t\t\t\t\t<div class=\"elementor-column elementor-col-50 elementor-top-column elementor-element elementor-element-45ec72b6\" data-id=\"45ec72b6\" data-element_type=\"column\" data-e-type=\"column\" data-settings=\"{&quot;background_background&quot;:&quot;classic&quot;}\">\n\t\t\t<div class=\"elementor-widget-wrap elementor-element-populated\">\n\t\t\t\t\t\t<div class=\"elementor-element elementor-element-2a3bf136 elementor-invisible elementor-widget elementor-widget-image\" data-id=\"2a3bf136\" data-element_type=\"widget\" data-e-type=\"widget\" data-settings=\"{&quot;_animation&quot;:&quot;fadeInLeft&quot;,&quot;_animation_delay&quot;:200}\" data-widget_type=\"image.default\">\n\t\t\t\t<div class=\"elementor-widget-container\">\n\t\t\t\t\t\t\t\t\t\t\t\t\t\t\t<img fetchpriority=\"high\" decoding=\"async\" width=\"800\" height=\"534\" src=\"https:\/\/alquilerbarcodenia.com\/wp-content\/uploads\/2021\/06\/boats-marina-port-denia-spain-1024x683.jpg\" class=\"attachment-large size-large wp-image-680\" alt=\"puerto de denia alquiler barco denia\" srcset=\"https:\/\/alquilerbarcodenia.com\/wp-content\/uploads\/2021\/06\/boats-marina-port-denia-spain-1024x683.jpg 1024w, https:\/\/alquilerbarcodenia.com\/wp-content\/uploads\/2021\/06\/boats-marina-port-denia-spain-300x200.jpg 300w, https:\/\/alquilerbarcodenia.com\/wp-content\/uploads\/2021\/06\/boats-marina-port-denia-spain-768x512.jpg 768w, https:\/\/alquilerbarcodenia.com\/wp-content\/uploads\/2021\/06\/boats-marina-port-denia-spain-1536x1025.jpg 1536w, https:\/\/alquilerbarcodenia.com\/wp-content\/uploads\/2021\/06\/boats-marina-port-denia-spain-2048x1366.jpg 2048w, https:\/\/alquilerbarcodenia.com\/wp-content\/uploads\/2021\/06\/boats-marina-port-denia-spain-600x400.jpg 600w\" sizes=\"(max-width: 800px) 100vw, 800px\" \/>\t\t\t\t\t\t\t\t\t\t\t\t\t\t\t<\/div>\n\t\t\t\t<\/div>\n\t\t\t\t<div class=\"elementor-element elementor-element-22a3700 elementor-widget elementor-widget-image\" data-id=\"22a3700\" data-element_type=\"widget\" data-e-type=\"widget\" data-widget_type=\"image.default\">\n\t\t\t\t<div class=\"elementor-widget-container\">\n\t\t\t\t\t\t\t\t\t\t\t\t\t\t\t<img decoding=\"async\" width=\"800\" height=\"534\" src=\"https:\/\/alquilerbarcodenia.com\/wp-content\/uploads\/2021\/06\/city-view-from-montgo-mountain-denia-spain-1024x684.jpg\" class=\"attachment-large size-large wp-image-681\" alt=\"denia vistas desde el monte montg\u00f3\" srcset=\"https:\/\/alquilerbarcodenia.com\/wp-content\/uploads\/2021\/06\/city-view-from-montgo-mountain-denia-spain-1024x684.jpg 1024w, https:\/\/alquilerbarcodenia.com\/wp-content\/uploads\/2021\/06\/city-view-from-montgo-mountain-denia-spain-300x200.jpg 300w, https:\/\/alquilerbarcodenia.com\/wp-content\/uploads\/2021\/06\/city-view-from-montgo-mountain-denia-spain-768x513.jpg 768w, https:\/\/alquilerbarcodenia.com\/wp-content\/uploads\/2021\/06\/city-view-from-montgo-mountain-denia-spain-1536x1025.jpg 1536w, https:\/\/alquilerbarcodenia.com\/wp-content\/uploads\/2021\/06\/city-view-from-montgo-mountain-denia-spain-2048x1367.jpg 2048w, https:\/\/alquilerbarcodenia.com\/wp-content\/uploads\/2021\/06\/city-view-from-montgo-mountain-denia-spain-600x401.jpg 600w\" sizes=\"(max-width: 800px) 100vw, 800px\" \/>\t\t\t\t\t\t\t\t\t\t\t\t\t\t\t<\/div>\n\t\t\t\t<\/div>\n\t\t\t\t<div class=\"elementor-element elementor-element-77f529d elementor-widget elementor-widget-image\" data-id=\"77f529d\" data-element_type=\"widget\" data-e-type=\"widget\" data-widget_type=\"image.default\">\n\t\t\t\t<div class=\"elementor-widget-container\">\n\t\t\t\t\t\t\t\t\t\t\t\t\t\t\t<img decoding=\"async\" width=\"800\" height=\"530\" src=\"https:\/\/alquilerbarcodenia.com\/wp-content\/uploads\/2021\/05\/beach-72900_1280-1024x678.jpg\" class=\"attachment-large size-large wp-image-564\" alt=\"barcos denia puerto alquiler barco denia\" srcset=\"https:\/\/alquilerbarcodenia.com\/wp-content\/uploads\/2021\/05\/beach-72900_1280-1024x678.jpg 1024w, https:\/\/alquilerbarcodenia.com\/wp-content\/uploads\/2021\/05\/beach-72900_1280-300x199.jpg 300w, https:\/\/alquilerbarcodenia.com\/wp-content\/uploads\/2021\/05\/beach-72900_1280-768x509.jpg 768w, https:\/\/alquilerbarcodenia.com\/wp-content\/uploads\/2021\/05\/beach-72900_1280-600x398.jpg 600w, https:\/\/alquilerbarcodenia.com\/wp-content\/uploads\/2021\/05\/beach-72900_1280.jpg 1280w\" sizes=\"(max-width: 800px) 100vw, 800px\" \/>\t\t\t\t\t\t\t\t\t\t\t\t\t\t\t<\/div>\n\t\t\t\t<\/div>\n\t\t\t\t<div class=\"elementor-element elementor-element-f45c5e9 elementor-widget elementor-widget-image\" data-id=\"f45c5e9\" data-element_type=\"widget\" data-e-type=\"widget\" data-widget_type=\"image.default\">\n\t\t\t\t<div class=\"elementor-widget-container\">\n\t\t\t\t\t\t\t\t\t\t\t\t\t\t\t<img loading=\"lazy\" decoding=\"async\" width=\"800\" height=\"534\" src=\"https:\/\/alquilerbarcodenia.com\/wp-content\/uploads\/2021\/06\/photo-1499403474843-04e72c14df8e-1024x683.jpg\" class=\"attachment-large size-large wp-image-661\" alt=\"denia barco playa alicante espa\u00f1a\" srcset=\"https:\/\/alquilerbarcodenia.com\/wp-content\/uploads\/2021\/06\/photo-1499403474843-04e72c14df8e-1024x683.jpg 1024w, https:\/\/alquilerbarcodenia.com\/wp-content\/uploads\/2021\/06\/photo-1499403474843-04e72c14df8e-300x200.jpg 300w, https:\/\/alquilerbarcodenia.com\/wp-content\/uploads\/2021\/06\/photo-1499403474843-04e72c14df8e-768x512.jpg 768w, https:\/\/alquilerbarcodenia.com\/wp-content\/uploads\/2021\/06\/photo-1499403474843-04e72c14df8e-1536x1024.jpg 1536w, https:\/\/alquilerbarcodenia.com\/wp-content\/uploads\/2021\/06\/photo-1499403474843-04e72c14df8e-600x400.jpg 600w, https:\/\/alquilerbarcodenia.com\/wp-content\/uploads\/2021\/06\/photo-1499403474843-04e72c14df8e.jpg 1950w\" sizes=\"(max-width: 800px) 100vw, 800px\" \/>\t\t\t\t\t\t\t\t\t\t\t\t\t\t\t<\/div>\n\t\t\t\t<\/div>\n\t\t\t\t\t<\/div>\n\t\t<\/div>\n\t\t\t\t<div class=\"elementor-column elementor-col-50 elementor-top-column elementor-element elementor-element-b16f3b1\" data-id=\"b16f3b1\" data-element_type=\"column\" data-e-type=\"column\">\n\t\t\t<div class=\"elementor-widget-wrap elementor-element-populated\">\n\t\t\t\t\t\t<div class=\"elementor-element elementor-element-393ed86f elementor-widget elementor-widget-heading\" data-id=\"393ed86f\" data-element_type=\"widget\" data-e-type=\"widget\" data-widget_type=\"heading.default\">\n\t\t\t\t<div class=\"elementor-widget-container\">\n\t\t\t\t\t<h2 class=\"elementor-heading-title elementor-size-default\">WONDER BOATS<\/h2>\t\t\t\t<\/div>\n\t\t\t\t<\/div>\n\t\t\t\t<div class=\"elementor-element elementor-element-6797701a elementor-widget elementor-widget-heading\" data-id=\"6797701a\" data-element_type=\"widget\" data-e-type=\"widget\" data-widget_type=\"heading.default\">\n\t\t\t\t<div class=\"elementor-widget-container\">\n\t\t\t\t\t<h5 class=\"elementor-heading-title elementor-size-default\">Paseos en barco en D\u00e9nia<\/h5>\t\t\t\t<\/div>\n\t\t\t\t<\/div>\n\t\t\t\t<div class=\"elementor-element elementor-element-104d5a20 elementor-widget-divider--view-line elementor-widget elementor-widget-divider\" data-id=\"104d5a20\" data-element_type=\"widget\" data-e-type=\"widget\" data-widget_type=\"divider.default\">\n\t\t\t\t<div class=\"elementor-widget-container\">\n\t\t\t\t\t\t\t<div class=\"elementor-divider\">\n\t\t\t<span class=\"elementor-divider-separator\">\n\t\t\t\t\t\t<\/span>\n\t\t<\/div>\n\t\t\t\t\t\t<\/div>\n\t\t\t\t<\/div>\n\t\t\t\t<div class=\"elementor-element elementor-element-66caa2d1 elementor-widget elementor-widget-text-editor\" data-id=\"66caa2d1\" data-element_type=\"widget\" data-e-type=\"widget\" data-widget_type=\"text-editor.default\">\n\t\t\t\t<div class=\"elementor-widget-container\">\n\t\t\t\t\t\t\t\t\t<p><span style=\"font-weight: 400;\">Los paseos en barco en D\u00e9nia son una experiencia \u00fanica. A partir del mar podemos acceder a la cara m\u00e1s bella y a menudo rec\u00f3ndita de su geograf\u00eda. Adem\u00e1s, permiten disfrutar de una experiencia tur\u00edstica m\u00e1s enriquecedora en ciertos sentidos, porque adem\u00e1s de recorrer los lugares m\u00e1s bellos y emblem\u00e1ticos de la regi\u00f3n, permiten conocer su historia al tiempo que se practican actividades acu\u00e1ticas como el esn\u00f3rquel.<\/span><\/p><p><span style=\"font-weight: 400;\">A la hora de formalizar una reserva puedes acceder a una gran variedad de trayectos. Los paseos en barco en D\u00e9nia son variables, aunque existen algunos puntos clave que suelen visitarse con cierta asiduidad. A continuaci\u00f3n compartimos contigo algunos de los principales puntos de inter\u00e9s que se incluyen en las rutas en barco. Es importante tener en cuenta que dependiendo de la \u00e9poca del a\u00f1o o las condiciones clim\u00e1ticas ser\u00e1 m\u00e1s o menos posible acceder a determinadas zonas. Lo m\u00e1s recomendable es planificar las rutas previamente tomando como referencia la meteorolog\u00eda.<\/span><\/p><p><b>Paseos en barco en D\u00e9nia: Las rutas y puntos m\u00e1s emblem\u00e1ticos de su geograf\u00eda<\/b><\/p><p><b>Reserva Marina San Antonio<\/b><\/p><p><span style=\"font-weight: 400;\">La reserva natural del cabo de san antonio act\u00faa como l\u00edmite entre J\u00e1vea y\u00a0 Denia. Sus paisajes son rocosos y se pueden encontrar acantilados que superan los 150 metros de altura. Su formaci\u00f3n rocosa proporciona cierta protecci\u00f3n frente a los vientos del Sur pero no est\u00e1 permitido el fondeo en sus inmediaciones.\u00a0<\/span><\/p><p><b>Fondeadero del Pope<\/b><\/p><p><span style=\"font-weight: 400;\">Corresponde a la cara sur del Cabo de San Antonio y su relieve proporciona una barrera protectora contra el efecto de los vientos del Norte. Cuenta con una serie de boyas permanentes que facilita el fondeo durante todo el a\u00f1o.<\/span><\/p><p><b>Fondeadero de la Cala Sardinera y la Cala Blanca<\/b><\/p><p><span style=\"font-weight: 400;\">Proporcionan un entorno paradis\u00edaco de gran estabilidad el 80% de los d\u00edas de verano gracias a su orientaci\u00f3n proporciona una barrera protectora ante los vientos del Sur Oeste y el Este.En la zona podr\u00e1s encontrar adem\u00e1s un barco que prorporciona toda clase de bebidas, degustaciones y helados..<\/span><\/p><p><b>Cabo de San Mart\u00edn Sur y escullos de Piedras Rotas<\/b><\/p><p><span style=\"font-weight: 400;\">\u00a0Zona tranquila, donde no caben muchos barcos, protegidos de los vientos del norte. Las rutas en barco por Denia suelen ceder especial protagonismo a los cabos de San Antonio, San Martin y Nao. Sus salvajes y elevados acantilados, sus aberturas y cuevas ocultas, sus calas envolventes y las grandes profundidades azules como tel\u00f3n de fondo. Desde el cabo de San Mart\u00edn hay acceso a unas vistas de la isla de Portichol impresionantes.<\/span><\/p><p><b>Isla del Portichol<\/b><\/p><p><span style=\"font-weight: 400;\">La Cala y la Isla de Portichol se han convertido en paradas obligatorias en los paseos en barco en D\u00e9nia. Ambos son enclaves ideales para hacer fondeado (alrededor de todas sus caras) y submarinismo. Es posible que en los paseos en barco en Denia que transitan en las inmediaciones de Portixol, se haga una parada en la propia isla. De hecho en su interior existe una piscina natural.<\/span><\/p><p><b>La pared negra<\/b><\/p><p><span style=\"font-weight: 400;\">Se localiza inmediata a la Isla de Portitxol, precisamente en la pared del Cabo que le da el nombre. Es posible acceder a esta zona \u00fanicamente mediante una embarcaci\u00f3n privada y proporciona una gran estabilidad. La pared negra es perfecta para hacer un fondeado de larga duraci\u00f3n. La estructura de su relieve y su orientaci\u00f3n facilitan una protecci\u00f3n frente a la influencia que ejercen los vientos del Sur. Posee una cascada sutil que le proporciona un especial encanto.<\/span><\/p><p><b>Cabo la Nao<\/b><\/p><p><span style=\"font-weight: 400;\">Es uno de los cabos m\u00e1s representativos de la costa de levante. Se localiza en el extremo sur del golfo de Valencia y\u00a0 est\u00e1 coronado por un faro de 20 metros de altura situado a 122 metros al nivel del mar. Bajo su estructura acantilada se localizan peque\u00f1as calas, cuevas semiocultas e isoltes de tama\u00f1os diversos. Una de sus cuevas m\u00e1s populares es la Cova del Orguens, datada de finales del siglo XVII.<\/span><\/p><p><b>Isla del descubridor<\/b><\/p><p><span style=\"font-weight: 400;\">Esta isla de forma horizontal posee una extensi\u00f3n que supera las 2 hect\u00e1reas. Pr\u00e1cticamente es inabordable. Suele ser un punto de tr\u00e1nsito en la mayor\u00eda de paseos en barco en D\u00e9nia y tambi\u00e9n un punto de referencia para el buceo y otras actividades subacu\u00e1ticas. Las zona del descubridor es buena para el fondeado.<\/span><\/p><p><b>Cala Granadella<\/b><\/p><p><span style=\"font-weight: 400;\">Esta cala se ha convertido en todo un s\u00edmbolo de la Costa Blanca. Sus aguas l\u00edmpidas, su playa de piedra blanca y el bello contraste entre el mar y la monta\u00f1a proporciona unas vistas paradis\u00edacas. En m\u00e1s de una ocasi\u00f3n ha adquirido el calificativo de la cala m\u00e1s bella del pa\u00eds. En sus inmediaciones cuenta con muelle de peque\u00f1as dimensiones que permite la carga y descarga, sin embargo no est\u00e1 permitido permanecer all\u00ed. Para poder fondear es necesario abandonar la cala.<\/span><\/p><p><b>\u00bfConoces m\u00e1s puntos interesantes? \u00bfTe gustar\u00eda adquirir m\u00e1s informaci\u00f3n sobre los paseos en barco en D\u00e9nia? Ponte en contacto con nosotros a partir de nuestra p\u00e1gina web y te ofreceremos m\u00e1s informaci\u00f3n sobre nuestros <\/b><a href=\"https:\/\/alquilerbarcodenia.com\/en\/tours-en-barco\/\" target=\"_blank\" rel=\"noopener\"><b>tours en barco<\/b><\/a><b>.<\/b><\/p>\t\t\t\t\t\t\t\t<\/div>\n\t\t\t\t<\/div>\n\t\t\t\t\t<\/div>\n\t\t<\/div>\n\t\t\t\t\t<\/div>\n\t\t<\/section>\n\t\t\t\t<\/div>","protected":false},"excerpt":{"rendered":"<p>WONDER BOATS Paseos en barco en D\u00e9nia Los paseos en barco en D\u00e9nia son una experiencia \u00fanica. A partir del mar podemos acceder a la cara m\u00e1s bella y a menudo rec\u00f3ndita de su geograf\u00eda. Adem\u00e1s, permiten disfrutar de una experiencia tur\u00edstica m\u00e1s enriquecedora en ciertos sentidos, porque adem\u00e1s de recorrer los lugares m\u00e1s bellos [&hellip;]<\/p>\n","protected":false},"author":1,"featured_media":0,"parent":0,"menu_order":0,"comment_status":"closed","ping_status":"closed","template":"elementor_header_footer","meta":{"footnotes":""},"class_list":["post-854","page","type-page","status-publish","hentry"],"yoast_head":"<!-- This site is optimized with the Yoast SEO plugin v27.4 - https:\/\/yoast.com\/product\/yoast-seo-wordpress\/ -->\n<title>Paseos en barco en D\u00e9nia: Traves\u00edas m\u00e1gicas BLOG - ALQUILER BARCO DENIA<\/title>\n<meta name=\"robots\" content=\"index, follow, max-snippet:-1, max-image-preview:large, max-video-preview:-1\" \/>\n<link rel=\"canonical\" href=\"https:\/\/alquilerbarcodenia.com\/en\/paseos-barco-denia-travesias-magicas\/\" \/>\n<meta property=\"og:locale\" content=\"en_US\" \/>\n<meta property=\"og:type\" content=\"article\" \/>\n<meta property=\"og:title\" content=\"Paseos en barco en D\u00e9nia: Traves\u00edas m\u00e1gicas BLOG - ALQUILER BARCO DENIA\" \/>\n<meta property=\"og:description\" content=\"WONDER BOATS Paseos en barco en D\u00e9nia Los paseos en barco en D\u00e9nia son una experiencia \u00fanica. A partir del mar podemos acceder a la cara m\u00e1s bella y a menudo rec\u00f3ndita de su geograf\u00eda. Adem\u00e1s, permiten disfrutar de una experiencia tur\u00edstica m\u00e1s enriquecedora en ciertos sentidos, porque adem\u00e1s de recorrer los lugares m\u00e1s bellos [&hellip;]\" \/>\n<meta property=\"og:url\" content=\"https:\/\/alquilerbarcodenia.com\/en\/paseos-barco-denia-travesias-magicas\/\" \/>\n<meta property=\"og:site_name\" content=\"ALQUILER BARCO DENIA\" \/>\n<meta property=\"article:modified_time\" content=\"2021-06-17T22:59:42+00:00\" \/>\n<meta property=\"og:image\" content=\"http:\/\/alquilerbarcodenia.com\/wp-content\/uploads\/2021\/06\/boats-marina-port-denia-spain-1024x683.jpg\" \/>\n<meta name=\"twitter:card\" content=\"summary_large_image\" \/>\n<meta name=\"twitter:label1\" content=\"Est. reading time\" \/>\n\t<meta name=\"twitter:data1\" content=\"5 minutes\" \/>\n<script type=\"application\/ld+json\" class=\"yoast-schema-graph\">{\"@context\":\"https:\\\/\\\/schema.org\",\"@graph\":[{\"@type\":\"WebPage\",\"@id\":\"https:\\\/\\\/alquilerbarcodenia.com\\\/paseos-barco-denia-travesias-magicas\\\/\",\"url\":\"https:\\\/\\\/alquilerbarcodenia.com\\\/paseos-barco-denia-travesias-magicas\\\/\",\"name\":\"Paseos en barco en D\u00e9nia: Traves\u00edas m\u00e1gicas BLOG - ALQUILER BARCO DENIA\",\"isPartOf\":{\"@id\":\"https:\\\/\\\/alquilerbarcodenia.com\\\/en\\\/#website\"},\"primaryImageOfPage\":{\"@id\":\"https:\\\/\\\/alquilerbarcodenia.com\\\/paseos-barco-denia-travesias-magicas\\\/#primaryimage\"},\"image\":{\"@id\":\"https:\\\/\\\/alquilerbarcodenia.com\\\/paseos-barco-denia-travesias-magicas\\\/#primaryimage\"},\"thumbnailUrl\":\"http:\\\/\\\/alquilerbarcodenia.com\\\/wp-content\\\/uploads\\\/2021\\\/06\\\/boats-marina-port-denia-spain-1024x683.jpg\",\"datePublished\":\"2021-06-05T10:21:34+00:00\",\"dateModified\":\"2021-06-17T22:59:42+00:00\",\"breadcrumb\":{\"@id\":\"https:\\\/\\\/alquilerbarcodenia.com\\\/paseos-barco-denia-travesias-magicas\\\/#breadcrumb\"},\"inLanguage\":\"en-US\",\"potentialAction\":[{\"@type\":\"ReadAction\",\"target\":[\"https:\\\/\\\/alquilerbarcodenia.com\\\/paseos-barco-denia-travesias-magicas\\\/\"]}]},{\"@type\":\"ImageObject\",\"inLanguage\":\"en-US\",\"@id\":\"https:\\\/\\\/alquilerbarcodenia.com\\\/paseos-barco-denia-travesias-magicas\\\/#primaryimage\",\"url\":\"http:\\\/\\\/alquilerbarcodenia.com\\\/wp-content\\\/uploads\\\/2021\\\/06\\\/boats-marina-port-denia-spain-1024x683.jpg\",\"contentUrl\":\"http:\\\/\\\/alquilerbarcodenia.com\\\/wp-content\\\/uploads\\\/2021\\\/06\\\/boats-marina-port-denia-spain-1024x683.jpg\"},{\"@type\":\"BreadcrumbList\",\"@id\":\"https:\\\/\\\/alquilerbarcodenia.com\\\/paseos-barco-denia-travesias-magicas\\\/#breadcrumb\",\"itemListElement\":[{\"@type\":\"ListItem\",\"position\":1,\"name\":\"Portada\",\"item\":\"https:\\\/\\\/alquilerbarcodenia.com\\\/\"},{\"@type\":\"ListItem\",\"position\":2,\"name\":\"Paseos en barco en D\u00e9nia: Traves\u00edas m\u00e1gicas BLOG\"}]},{\"@type\":\"WebSite\",\"@id\":\"https:\\\/\\\/alquilerbarcodenia.com\\\/en\\\/#website\",\"url\":\"https:\\\/\\\/alquilerbarcodenia.com\\\/en\\\/\",\"name\":\"ALQUILER BARCO DENIA\",\"description\":\"Alquiler Barco Denia. Alquiler de barcos en Denia con y sin patr\u00f3n al mejor precio. Alquiler de barcas semirr\u00edgidas en el Portet de Denia.\",\"publisher\":{\"@id\":\"https:\\\/\\\/alquilerbarcodenia.com\\\/en\\\/#organization\"},\"potentialAction\":[{\"@type\":\"SearchAction\",\"target\":{\"@type\":\"EntryPoint\",\"urlTemplate\":\"https:\\\/\\\/alquilerbarcodenia.com\\\/en\\\/?s={search_term_string}\"},\"query-input\":{\"@type\":\"PropertyValueSpecification\",\"valueRequired\":true,\"valueName\":\"search_term_string\"}}],\"inLanguage\":\"en-US\"},{\"@type\":\"Organization\",\"@id\":\"https:\\\/\\\/alquilerbarcodenia.com\\\/en\\\/#organization\",\"name\":\"Alquiler Barco Denia\",\"url\":\"https:\\\/\\\/alquilerbarcodenia.com\\\/en\\\/\",\"logo\":{\"@type\":\"ImageObject\",\"inLanguage\":\"en-US\",\"@id\":\"https:\\\/\\\/alquilerbarcodenia.com\\\/en\\\/#\\\/schema\\\/logo\\\/image\\\/\",\"url\":\"https:\\\/\\\/alquilerbarcodenia.com\\\/wp-content\\\/uploads\\\/2021\\\/05\\\/alguiler-barco-denia-logo-2.png\",\"contentUrl\":\"https:\\\/\\\/alquilerbarcodenia.com\\\/wp-content\\\/uploads\\\/2021\\\/05\\\/alguiler-barco-denia-logo-2.png\",\"width\":143,\"height\":95,\"caption\":\"Alquiler Barco Denia\"},\"image\":{\"@id\":\"https:\\\/\\\/alquilerbarcodenia.com\\\/en\\\/#\\\/schema\\\/logo\\\/image\\\/\"}}]}<\/script>\n<!-- \/ Yoast SEO plugin. -->","yoast_head_json":{"title":"Paseos en barco en D\u00e9nia: Traves\u00edas m\u00e1gicas BLOG - ALQUILER BARCO DENIA","robots":{"index":"index","follow":"follow","max-snippet":"max-snippet:-1","max-image-preview":"max-image-preview:large","max-video-preview":"max-video-preview:-1"},"canonical":"https:\/\/alquilerbarcodenia.com\/en\/paseos-barco-denia-travesias-magicas\/","og_locale":"en_US","og_type":"article","og_title":"Paseos en barco en D\u00e9nia: Traves\u00edas m\u00e1gicas BLOG - ALQUILER BARCO DENIA","og_description":"WONDER BOATS Paseos en barco en D\u00e9nia Los paseos en barco en D\u00e9nia son una experiencia \u00fanica. A partir del mar podemos acceder a la cara m\u00e1s bella y a menudo rec\u00f3ndita de su geograf\u00eda. Adem\u00e1s, permiten disfrutar de una experiencia tur\u00edstica m\u00e1s enriquecedora en ciertos sentidos, porque adem\u00e1s de recorrer los lugares m\u00e1s bellos [&hellip;]","og_url":"https:\/\/alquilerbarcodenia.com\/en\/paseos-barco-denia-travesias-magicas\/","og_site_name":"ALQUILER BARCO DENIA","article_modified_time":"2021-06-17T22:59:42+00:00","og_image":[{"url":"http:\/\/alquilerbarcodenia.com\/wp-content\/uploads\/2021\/06\/boats-marina-port-denia-spain-1024x683.jpg","type":"","width":"","height":""}],"twitter_card":"summary_large_image","twitter_misc":{"Est. reading time":"5 minutes"},"schema":{"@context":"https:\/\/schema.org","@graph":[{"@type":"WebPage","@id":"https:\/\/alquilerbarcodenia.com\/paseos-barco-denia-travesias-magicas\/","url":"https:\/\/alquilerbarcodenia.com\/paseos-barco-denia-travesias-magicas\/","name":"Paseos en barco en D\u00e9nia: Traves\u00edas m\u00e1gicas BLOG - ALQUILER BARCO DENIA","isPartOf":{"@id":"https:\/\/alquilerbarcodenia.com\/en\/#website"},"primaryImageOfPage":{"@id":"https:\/\/alquilerbarcodenia.com\/paseos-barco-denia-travesias-magicas\/#primaryimage"},"image":{"@id":"https:\/\/alquilerbarcodenia.com\/paseos-barco-denia-travesias-magicas\/#primaryimage"},"thumbnailUrl":"http:\/\/alquilerbarcodenia.com\/wp-content\/uploads\/2021\/06\/boats-marina-port-denia-spain-1024x683.jpg","datePublished":"2021-06-05T10:21:34+00:00","dateModified":"2021-06-17T22:59:42+00:00","breadcrumb":{"@id":"https:\/\/alquilerbarcodenia.com\/paseos-barco-denia-travesias-magicas\/#breadcrumb"},"inLanguage":"en-US","potentialAction":[{"@type":"ReadAction","target":["https:\/\/alquilerbarcodenia.com\/paseos-barco-denia-travesias-magicas\/"]}]},{"@type":"ImageObject","inLanguage":"en-US","@id":"https:\/\/alquilerbarcodenia.com\/paseos-barco-denia-travesias-magicas\/#primaryimage","url":"http:\/\/alquilerbarcodenia.com\/wp-content\/uploads\/2021\/06\/boats-marina-port-denia-spain-1024x683.jpg","contentUrl":"http:\/\/alquilerbarcodenia.com\/wp-content\/uploads\/2021\/06\/boats-marina-port-denia-spain-1024x683.jpg"},{"@type":"BreadcrumbList","@id":"https:\/\/alquilerbarcodenia.com\/paseos-barco-denia-travesias-magicas\/#breadcrumb","itemListElement":[{"@type":"ListItem","position":1,"name":"Portada","item":"https:\/\/alquilerbarcodenia.com\/"},{"@type":"ListItem","position":2,"name":"Paseos en barco en D\u00e9nia: Traves\u00edas m\u00e1gicas BLOG"}]},{"@type":"WebSite","@id":"https:\/\/alquilerbarcodenia.com\/en\/#website","url":"https:\/\/alquilerbarcodenia.com\/en\/","name":"BOAT RENTAL DENIA","description":"Alquiler Barco Denia. Alquiler de barcos en Denia con y sin patr\u00f3n al mejor precio. Alquiler de barcas semirr\u00edgidas en el Portet de Denia.","publisher":{"@id":"https:\/\/alquilerbarcodenia.com\/en\/#organization"},"potentialAction":[{"@type":"SearchAction","target":{"@type":"EntryPoint","urlTemplate":"https:\/\/alquilerbarcodenia.com\/en\/?s={search_term_string}"},"query-input":{"@type":"PropertyValueSpecification","valueRequired":true,"valueName":"search_term_string"}}],"inLanguage":"en-US"},{"@type":"Organization","@id":"https:\/\/alquilerbarcodenia.com\/en\/#organization","name":"Boat Rental Denia","url":"https:\/\/alquilerbarcodenia.com\/en\/","logo":{"@type":"ImageObject","inLanguage":"en-US","@id":"https:\/\/alquilerbarcodenia.com\/en\/#\/schema\/logo\/image\/","url":"https:\/\/alquilerbarcodenia.com\/wp-content\/uploads\/2021\/05\/alguiler-barco-denia-logo-2.png","contentUrl":"https:\/\/alquilerbarcodenia.com\/wp-content\/uploads\/2021\/05\/alguiler-barco-denia-logo-2.png","width":143,"height":95,"caption":"Alquiler Barco Denia"},"image":{"@id":"https:\/\/alquilerbarcodenia.com\/en\/#\/schema\/logo\/image\/"}}]}},"_links":{"self":[{"href":"https:\/\/alquilerbarcodenia.com\/en\/wp-json\/wp\/v2\/pages\/854","targetHints":{"allow":["GET"]}}],"collection":[{"href":"https:\/\/alquilerbarcodenia.com\/en\/wp-json\/wp\/v2\/pages"}],"about":[{"href":"https:\/\/alquilerbarcodenia.com\/en\/wp-json\/wp\/v2\/types\/page"}],"author":[{"embeddable":true,"href":"https:\/\/alquilerbarcodenia.com\/en\/wp-json\/wp\/v2\/users\/1"}],"replies":[{"embeddable":true,"href":"https:\/\/alquilerbarcodenia.com\/en\/wp-json\/wp\/v2\/comments?post=854"}],"version-history":[{"count":8,"href":"https:\/\/alquilerbarcodenia.com\/en\/wp-json\/wp\/v2\/pages\/854\/revisions"}],"predecessor-version":[{"id":1071,"href":"https:\/\/alquilerbarcodenia.com\/en\/wp-json\/wp\/v2\/pages\/854\/revisions\/1071"}],"wp:attachment":[{"href":"https:\/\/alquilerbarcodenia.com\/en\/wp-json\/wp\/v2\/media?parent=854"}],"curies":[{"name":"wp","href":"https:\/\/api.w.org\/{rel}","templated":true}]}}