{"id":848,"date":"2021-06-05T10:16:27","date_gmt":"2021-06-05T10:16:27","guid":{"rendered":"http:\/\/danielo34.sg-host.com\/?page_id=848"},"modified":"2021-06-14T12:43:09","modified_gmt":"2021-06-14T12:43:09","slug":"isla-de-portichol-denia","status":"publish","type":"page","link":"https:\/\/alquilerbarcodenia.com\/en\/isla-de-portichol-denia\/","title":{"rendered":"Isla de Portichol: Un enclave obligatorio de D\u00e9nia BLOG"},"content":{"rendered":"<div data-elementor-type=\"wp-page\" data-elementor-id=\"848\" class=\"elementor elementor-848\" data-elementor-post-type=\"page\">\n\t\t\t\t\t\t<section class=\"elementor-section elementor-top-section elementor-element elementor-element-75ddf2b0 elementor-section-boxed elementor-section-height-default elementor-section-height-default\" data-id=\"75ddf2b0\" data-element_type=\"section\" data-e-type=\"section\" data-settings=\"{&quot;background_background&quot;:&quot;classic&quot;}\">\n\t\t\t\t\t\t<div class=\"elementor-container elementor-column-gap-default\">\n\t\t\t\t\t<div class=\"elementor-column elementor-col-50 elementor-top-column elementor-element elementor-element-23d90859\" data-id=\"23d90859\" data-element_type=\"column\" data-e-type=\"column\" data-settings=\"{&quot;background_background&quot;:&quot;classic&quot;}\">\n\t\t\t<div class=\"elementor-widget-wrap elementor-element-populated\">\n\t\t\t\t\t\t<div class=\"elementor-element elementor-element-2bfce1a5 elementor-invisible elementor-widget elementor-widget-image\" data-id=\"2bfce1a5\" data-element_type=\"widget\" data-e-type=\"widget\" data-settings=\"{&quot;_animation&quot;:&quot;fadeInLeft&quot;,&quot;_animation_delay&quot;:200}\" data-widget_type=\"image.default\">\n\t\t\t\t<div class=\"elementor-widget-container\">\n\t\t\t\t\t\t\t\t\t\t\t\t\t\t\t<img fetchpriority=\"high\" decoding=\"async\" width=\"800\" height=\"534\" src=\"https:\/\/alquilerbarcodenia.com\/wp-content\/uploads\/2021\/06\/denia-skyline-in-alicante-spain-1-1024x683.jpg\" class=\"attachment-large size-large wp-image-698\" alt=\"denia alicante espa\u00f1a skyline precioso\" srcset=\"https:\/\/alquilerbarcodenia.com\/wp-content\/uploads\/2021\/06\/denia-skyline-in-alicante-spain-1-1024x683.jpg 1024w, https:\/\/alquilerbarcodenia.com\/wp-content\/uploads\/2021\/06\/denia-skyline-in-alicante-spain-1-300x200.jpg 300w, https:\/\/alquilerbarcodenia.com\/wp-content\/uploads\/2021\/06\/denia-skyline-in-alicante-spain-1-768x512.jpg 768w, https:\/\/alquilerbarcodenia.com\/wp-content\/uploads\/2021\/06\/denia-skyline-in-alicante-spain-1-1536x1025.jpg 1536w, https:\/\/alquilerbarcodenia.com\/wp-content\/uploads\/2021\/06\/denia-skyline-in-alicante-spain-1-2048x1366.jpg 2048w, https:\/\/alquilerbarcodenia.com\/wp-content\/uploads\/2021\/06\/denia-skyline-in-alicante-spain-1-600x400.jpg 600w\" sizes=\"(max-width: 800px) 100vw, 800px\" \/>\t\t\t\t\t\t\t\t\t\t\t\t\t\t\t<\/div>\n\t\t\t\t<\/div>\n\t\t\t\t<div class=\"elementor-element elementor-element-adbf6ec elementor-widget elementor-widget-image\" data-id=\"adbf6ec\" data-element_type=\"widget\" data-e-type=\"widget\" data-widget_type=\"image.default\">\n\t\t\t\t<div class=\"elementor-widget-container\">\n\t\t\t\t\t\t\t\t\t\t\t\t\t\t\t<img decoding=\"async\" width=\"800\" height=\"534\" src=\"https:\/\/alquilerbarcodenia.com\/wp-content\/uploads\/2021\/06\/rotas-beach-in-the-city-of-denia-1024x683.jpg\" class=\"attachment-large size-large wp-image-696\" alt=\"denia las rotas alicante mediterraneo espa\u00f1a\" srcset=\"https:\/\/alquilerbarcodenia.com\/wp-content\/uploads\/2021\/06\/rotas-beach-in-the-city-of-denia-1024x683.jpg 1024w, https:\/\/alquilerbarcodenia.com\/wp-content\/uploads\/2021\/06\/rotas-beach-in-the-city-of-denia-300x200.jpg 300w, https:\/\/alquilerbarcodenia.com\/wp-content\/uploads\/2021\/06\/rotas-beach-in-the-city-of-denia-768x512.jpg 768w, https:\/\/alquilerbarcodenia.com\/wp-content\/uploads\/2021\/06\/rotas-beach-in-the-city-of-denia-1536x1024.jpg 1536w, https:\/\/alquilerbarcodenia.com\/wp-content\/uploads\/2021\/06\/rotas-beach-in-the-city-of-denia-2048x1365.jpg 2048w, https:\/\/alquilerbarcodenia.com\/wp-content\/uploads\/2021\/06\/rotas-beach-in-the-city-of-denia-600x400.jpg 600w\" sizes=\"(max-width: 800px) 100vw, 800px\" \/>\t\t\t\t\t\t\t\t\t\t\t\t\t\t\t<\/div>\n\t\t\t\t<\/div>\n\t\t\t\t<div class=\"elementor-element elementor-element-49f0050 elementor-widget elementor-widget-image\" data-id=\"49f0050\" data-element_type=\"widget\" data-e-type=\"widget\" data-widget_type=\"image.default\">\n\t\t\t\t<div class=\"elementor-widget-container\">\n\t\t\t\t\t\t\t\t\t\t\t\t\t\t\t<img decoding=\"async\" width=\"800\" height=\"470\" src=\"https:\/\/alquilerbarcodenia.com\/wp-content\/uploads\/2021\/06\/denia-las-rotas-beach-mediterranean-1024x601.jpg\" class=\"attachment-large size-large wp-image-687\" alt=\"denia las rotas playa alicante espa\u00f1a\" srcset=\"https:\/\/alquilerbarcodenia.com\/wp-content\/uploads\/2021\/06\/denia-las-rotas-beach-mediterranean-1024x601.jpg 1024w, https:\/\/alquilerbarcodenia.com\/wp-content\/uploads\/2021\/06\/denia-las-rotas-beach-mediterranean-300x176.jpg 300w, https:\/\/alquilerbarcodenia.com\/wp-content\/uploads\/2021\/06\/denia-las-rotas-beach-mediterranean-768x451.jpg 768w, https:\/\/alquilerbarcodenia.com\/wp-content\/uploads\/2021\/06\/denia-las-rotas-beach-mediterranean-1536x902.jpg 1536w, https:\/\/alquilerbarcodenia.com\/wp-content\/uploads\/2021\/06\/denia-las-rotas-beach-mediterranean-2048x1202.jpg 2048w, https:\/\/alquilerbarcodenia.com\/wp-content\/uploads\/2021\/06\/denia-las-rotas-beach-mediterranean-600x352.jpg 600w\" sizes=\"(max-width: 800px) 100vw, 800px\" \/>\t\t\t\t\t\t\t\t\t\t\t\t\t\t\t<\/div>\n\t\t\t\t<\/div>\n\t\t\t\t\t<\/div>\n\t\t<\/div>\n\t\t\t\t<div class=\"elementor-column elementor-col-50 elementor-top-column elementor-element elementor-element-c25460d\" data-id=\"c25460d\" data-element_type=\"column\" data-e-type=\"column\">\n\t\t\t<div class=\"elementor-widget-wrap elementor-element-populated\">\n\t\t\t\t\t\t<div class=\"elementor-element elementor-element-5bbae8e1 elementor-widget elementor-widget-heading\" data-id=\"5bbae8e1\" data-element_type=\"widget\" data-e-type=\"widget\" data-widget_type=\"heading.default\">\n\t\t\t\t<div class=\"elementor-widget-container\">\n\t\t\t\t\t<h2 class=\"elementor-heading-title elementor-size-default\">WONDER BOATS<\/h2>\t\t\t\t<\/div>\n\t\t\t\t<\/div>\n\t\t\t\t<div class=\"elementor-element elementor-element-73afda4b elementor-widget elementor-widget-heading\" data-id=\"73afda4b\" data-element_type=\"widget\" data-e-type=\"widget\" data-widget_type=\"heading.default\">\n\t\t\t\t<div class=\"elementor-widget-container\">\n\t\t\t\t\t<h5 class=\"elementor-heading-title elementor-size-default\">Portichol Island<\/h5>\t\t\t\t<\/div>\n\t\t\t\t<\/div>\n\t\t\t\t<div class=\"elementor-element elementor-element-7499d6eb elementor-widget-divider--view-line elementor-widget elementor-widget-divider\" data-id=\"7499d6eb\" data-element_type=\"widget\" data-e-type=\"widget\" data-widget_type=\"divider.default\">\n\t\t\t\t<div class=\"elementor-widget-container\">\n\t\t\t\t\t\t\t<div class=\"elementor-divider\">\n\t\t\t<span class=\"elementor-divider-separator\">\n\t\t\t\t\t\t<\/span>\n\t\t<\/div>\n\t\t\t\t\t\t<\/div>\n\t\t\t\t<\/div>\n\t\t\t\t<div class=\"elementor-element elementor-element-3edfc6bf elementor-widget elementor-widget-text-editor\" data-id=\"3edfc6bf\" data-element_type=\"widget\" data-e-type=\"widget\" data-widget_type=\"text-editor.default\">\n\t\t\t\t<div class=\"elementor-widget-container\">\n\t\t\t\t\t\t\t\t\t<p><span style=\"font-weight: 400;\">The island of Portichol is one of the best known attractions of J\u00e1vea. Don't you know it yet? Within our boat tours it is one of the key points during the crossings. Below, we will tell you what hides this island, what is hidden under its waters and inside the rocky walls that make up its cove.<\/span><\/p><p><b>Portichol: The magic of the Mediterranean in a cove\u00a0<\/b><\/p><p><span style=\"font-weight: 400;\">The cove of Portixol (also known as the cove of La Barranca) has become one of the most visited enclaves of Denia, and no wonder. This beach holds a great historical wealth. In fact, today it is one of the most important ancient sites. The location of more than one hundred Roman anchors has made Portixol cove the region with the highest concentration of anchors in the entire Mediterranean Sea.<\/span><\/p><p><span style=\"font-weight: 400;\">Today its natural beauty is tinged by the trace of the human being in the form of small and old fishermen's houses. White and with blue windows, they intermingle in a mountainous and enveloping landscape.<\/span><\/p><p><span style=\"font-weight: 400;\">However, its interest lies not only in its archaeological or touristic richness. It also lies in its surprising natural wealth. The vast variety of marine species makes it a perfect enclave for the practice of underwater activities such as scuba diving or snorkeling.<\/span><\/p><p><span style=\"font-weight: 400;\">Safeguarded by the steep cliffs of Cap Negre, this cove is home to several small caves that can be accessed by swimming. Inside, icy water flows over its rocky walls.<\/span><\/p><p><span style=\"font-weight: 400;\">In addition, there are other more inaccessible caves that are shrouded in mystery and legends of remote treasures. One example is La Cueva del Tabaco (Tobacco Cave), where contraband goods such as tobacco and oil were hidden. The Cueva del Oro (Gold Cave), deep in the rocky walls where treasure hunts have been carried out and where Neolithic vestiges have been found, deserves special mention.<\/span><\/p><p><span style=\"font-weight: 400;\">But as if that weren't enough, beyond the coast lies the real treasure: The <\/span><a href=\"https:\/\/es.wikipedia.org\/wiki\/Isla_del_Portichol\"><span style=\"font-weight: 400;\">Portichol Island<\/span><\/a><span style=\"font-weight: 400;\">.<\/span><\/p><p><b>The island of Portichol: The natural treasure it holds within it<\/b><\/p><p><span style=\"font-weight: 400;\">With an extension of more than 300 meters in diameter, this natural elevation of up to 75 meters high, holds a treasure inside.<\/span><\/p><p><span style=\"font-weight: 400;\">Despite its rocky orography, Portichol Island has been inhabited by humans throughout history.\u00a0<\/span><\/p><p><span style=\"font-weight: 400;\">In order to access this impressive rock formation we can access by three ways: A boat trip, a jet ski, a kayak, or swimming. Although this last option is not the most advisable because of the risk posed by the confluence of currents caused by the effect of the winds.<\/span><\/p><p><span style=\"font-weight: 400;\">The beginning of the crossing is already a contact with the history of the enclave. Throughout the journey over its waters a seabed full of treasures detained in time is circumvented. In its depths lie the remains of the powerful commercial activity that developed in the area. Amphoras and anchors from distant times when a fish factory dominated the Punta del Arenal.<\/span><\/p><p><span style=\"font-weight: 400;\">Already on the island we discover in its walls impressive fossil remains that reveal its long history. Among them are the remains of archaic settlements that date back to Phoenician times. Already in its interior we can find one of its most surprising corners: A natural pool seated between its nooks and crannies that very possibly was used by the Romans who inhabited the island in times of storm. Undoubtedly, the interior pool of this island makes possible one of the most fascinating baths of all the Mediterranean.<\/span><\/p><p><span style=\"font-weight: 400;\">Visit the island of Portichol with our boat tours<\/span><\/p><p><span style=\"font-weight: 400;\">Undoubtedly, Portichol Island is one of the most magical transit points of our boat tours in Denia. Not only for its breathtaking scenery or the undeniable beauty of each of its corners. Also for its legacy and history. Anchoring along the cove of Portixol is in turn a unique opportunity to delve into magical and semi-hidden corners and practice activities such as diving, snorkeling or just a relaxing swim in the magical intimacy provided by its natural architecture.<\/span><\/p><p><span style=\"font-weight: 400;\">Would you like to go into this wonderful cove and know the great treasure that is hidden inside Portichol Island? Contact us and book one of our routes, or a boat with or without skipper. You will live an unforgettable experience.<\/span><\/p>\t\t\t\t\t\t\t\t<\/div>\n\t\t\t\t<\/div>\n\t\t\t\t\t<\/div>\n\t\t<\/div>\n\t\t\t\t\t<\/div>\n\t\t<\/section>\n\t\t\t\t<\/div>","protected":false},"excerpt":{"rendered":"<p>WONDER BOATS Isla de Portichol La isla de Portichol es uno de los puntos de atracci\u00f3n m\u00e1s conocidos de J\u00e1vea. \u00bfA\u00fan no la conoces? Dentro de nuestros tours en barco es uno de los puntos clave durante las traves\u00edas. A continuaci\u00f3n, te contaremos qu\u00e9 esconde esta isla, qu\u00e9 se esconde bajo sus aguas y en [&hellip;]<\/p>\n","protected":false},"author":1,"featured_media":0,"parent":0,"menu_order":0,"comment_status":"closed","ping_status":"closed","template":"elementor_header_footer","meta":{"footnotes":""},"class_list":["post-848","page","type-page","status-publish","hentry"],"yoast_head":"<!-- This site is optimized with the Yoast SEO plugin v27.5 - https:\/\/yoast.com\/product\/yoast-seo-wordpress\/ -->\n<title>Isla de Portichol: Un enclave obligatorio de D\u00e9nia BLOG - ALQUILER BARCO DENIA<\/title>\n<meta name=\"robots\" content=\"index, follow, max-snippet:-1, max-image-preview:large, max-video-preview:-1\" \/>\n<link rel=\"canonical\" href=\"https:\/\/alquilerbarcodenia.com\/en\/isla-de-portichol-denia\/\" \/>\n<meta property=\"og:locale\" content=\"en_US\" \/>\n<meta property=\"og:type\" content=\"article\" \/>\n<meta property=\"og:title\" content=\"Isla de Portichol: Un enclave obligatorio de D\u00e9nia BLOG - ALQUILER BARCO DENIA\" \/>\n<meta property=\"og:description\" content=\"WONDER BOATS Isla de Portichol La isla de Portichol es uno de los puntos de atracci\u00f3n m\u00e1s conocidos de J\u00e1vea. \u00bfA\u00fan no la conoces? Dentro de nuestros tours en barco es uno de los puntos clave durante las traves\u00edas. A continuaci\u00f3n, te contaremos qu\u00e9 esconde esta isla, qu\u00e9 se esconde bajo sus aguas y en [&hellip;]\" \/>\n<meta property=\"og:url\" content=\"https:\/\/alquilerbarcodenia.com\/en\/isla-de-portichol-denia\/\" \/>\n<meta property=\"og:site_name\" content=\"ALQUILER BARCO DENIA\" \/>\n<meta property=\"article:modified_time\" content=\"2021-06-14T12:43:09+00:00\" \/>\n<meta property=\"og:image\" content=\"http:\/\/danielo34.sg-host.com\/wp-content\/uploads\/2021\/06\/denia-skyline-in-alicante-spain-1-1024x683.jpg\" \/>\n<meta name=\"twitter:card\" content=\"summary_large_image\" \/>\n<meta name=\"twitter:label1\" content=\"Est. reading time\" \/>\n\t<meta name=\"twitter:data1\" content=\"4 minutes\" \/>\n<script type=\"application\/ld+json\" class=\"yoast-schema-graph\">{\"@context\":\"https:\\\/\\\/schema.org\",\"@graph\":[{\"@type\":\"WebPage\",\"@id\":\"https:\\\/\\\/alquilerbarcodenia.com\\\/isla-de-portichol-denia\\\/\",\"url\":\"https:\\\/\\\/alquilerbarcodenia.com\\\/isla-de-portichol-denia\\\/\",\"name\":\"Isla de Portichol: Un enclave obligatorio de D\u00e9nia BLOG - ALQUILER BARCO DENIA\",\"isPartOf\":{\"@id\":\"https:\\\/\\\/alquilerbarcodenia.com\\\/en\\\/#website\"},\"primaryImageOfPage\":{\"@id\":\"https:\\\/\\\/alquilerbarcodenia.com\\\/isla-de-portichol-denia\\\/#primaryimage\"},\"image\":{\"@id\":\"https:\\\/\\\/alquilerbarcodenia.com\\\/isla-de-portichol-denia\\\/#primaryimage\"},\"thumbnailUrl\":\"http:\\\/\\\/danielo34.sg-host.com\\\/wp-content\\\/uploads\\\/2021\\\/06\\\/denia-skyline-in-alicante-spain-1-1024x683.jpg\",\"datePublished\":\"2021-06-05T10:16:27+00:00\",\"dateModified\":\"2021-06-14T12:43:09+00:00\",\"breadcrumb\":{\"@id\":\"https:\\\/\\\/alquilerbarcodenia.com\\\/isla-de-portichol-denia\\\/#breadcrumb\"},\"inLanguage\":\"en-US\",\"potentialAction\":[{\"@type\":\"ReadAction\",\"target\":[\"https:\\\/\\\/alquilerbarcodenia.com\\\/isla-de-portichol-denia\\\/\"]}]},{\"@type\":\"ImageObject\",\"inLanguage\":\"en-US\",\"@id\":\"https:\\\/\\\/alquilerbarcodenia.com\\\/isla-de-portichol-denia\\\/#primaryimage\",\"url\":\"http:\\\/\\\/danielo34.sg-host.com\\\/wp-content\\\/uploads\\\/2021\\\/06\\\/denia-skyline-in-alicante-spain-1-1024x683.jpg\",\"contentUrl\":\"http:\\\/\\\/danielo34.sg-host.com\\\/wp-content\\\/uploads\\\/2021\\\/06\\\/denia-skyline-in-alicante-spain-1-1024x683.jpg\"},{\"@type\":\"BreadcrumbList\",\"@id\":\"https:\\\/\\\/alquilerbarcodenia.com\\\/isla-de-portichol-denia\\\/#breadcrumb\",\"itemListElement\":[{\"@type\":\"ListItem\",\"position\":1,\"name\":\"Portada\",\"item\":\"https:\\\/\\\/alquilerbarcodenia.com\\\/\"},{\"@type\":\"ListItem\",\"position\":2,\"name\":\"Isla de Portichol: Un enclave obligatorio de D\u00e9nia BLOG\"}]},{\"@type\":\"WebSite\",\"@id\":\"https:\\\/\\\/alquilerbarcodenia.com\\\/en\\\/#website\",\"url\":\"https:\\\/\\\/alquilerbarcodenia.com\\\/en\\\/\",\"name\":\"ALQUILER BARCO DENIA\",\"description\":\"Alquiler Barco Denia. Alquiler de barcos en Denia con y sin patr\u00f3n al mejor precio. Alquiler de barcas semirr\u00edgidas en el Portet de Denia.\",\"publisher\":{\"@id\":\"https:\\\/\\\/alquilerbarcodenia.com\\\/en\\\/#organization\"},\"potentialAction\":[{\"@type\":\"SearchAction\",\"target\":{\"@type\":\"EntryPoint\",\"urlTemplate\":\"https:\\\/\\\/alquilerbarcodenia.com\\\/en\\\/?s={search_term_string}\"},\"query-input\":{\"@type\":\"PropertyValueSpecification\",\"valueRequired\":true,\"valueName\":\"search_term_string\"}}],\"inLanguage\":\"en-US\"},{\"@type\":\"Organization\",\"@id\":\"https:\\\/\\\/alquilerbarcodenia.com\\\/en\\\/#organization\",\"name\":\"Alquiler Barco Denia\",\"url\":\"https:\\\/\\\/alquilerbarcodenia.com\\\/en\\\/\",\"logo\":{\"@type\":\"ImageObject\",\"inLanguage\":\"en-US\",\"@id\":\"https:\\\/\\\/alquilerbarcodenia.com\\\/en\\\/#\\\/schema\\\/logo\\\/image\\\/\",\"url\":\"https:\\\/\\\/alquilerbarcodenia.com\\\/wp-content\\\/uploads\\\/2021\\\/05\\\/alguiler-barco-denia-logo-2.png\",\"contentUrl\":\"https:\\\/\\\/alquilerbarcodenia.com\\\/wp-content\\\/uploads\\\/2021\\\/05\\\/alguiler-barco-denia-logo-2.png\",\"width\":143,\"height\":95,\"caption\":\"Alquiler Barco Denia\"},\"image\":{\"@id\":\"https:\\\/\\\/alquilerbarcodenia.com\\\/en\\\/#\\\/schema\\\/logo\\\/image\\\/\"}}]}<\/script>\n<!-- \/ Yoast SEO plugin. -->","yoast_head_json":{"title":"Isla de Portichol: Un enclave obligatorio de D\u00e9nia BLOG - ALQUILER BARCO DENIA","robots":{"index":"index","follow":"follow","max-snippet":"max-snippet:-1","max-image-preview":"max-image-preview:large","max-video-preview":"max-video-preview:-1"},"canonical":"https:\/\/alquilerbarcodenia.com\/en\/isla-de-portichol-denia\/","og_locale":"en_US","og_type":"article","og_title":"Isla de Portichol: Un enclave obligatorio de D\u00e9nia BLOG - ALQUILER BARCO DENIA","og_description":"WONDER BOATS Isla de Portichol La isla de Portichol es uno de los puntos de atracci\u00f3n m\u00e1s conocidos de J\u00e1vea. \u00bfA\u00fan no la conoces? Dentro de nuestros tours en barco es uno de los puntos clave durante las traves\u00edas. A continuaci\u00f3n, te contaremos qu\u00e9 esconde esta isla, qu\u00e9 se esconde bajo sus aguas y en [&hellip;]","og_url":"https:\/\/alquilerbarcodenia.com\/en\/isla-de-portichol-denia\/","og_site_name":"ALQUILER BARCO DENIA","article_modified_time":"2021-06-14T12:43:09+00:00","og_image":[{"url":"http:\/\/danielo34.sg-host.com\/wp-content\/uploads\/2021\/06\/denia-skyline-in-alicante-spain-1-1024x683.jpg","type":"","width":"","height":""}],"twitter_card":"summary_large_image","twitter_misc":{"Est. reading time":"4 minutes"},"schema":{"@context":"https:\/\/schema.org","@graph":[{"@type":"WebPage","@id":"https:\/\/alquilerbarcodenia.com\/isla-de-portichol-denia\/","url":"https:\/\/alquilerbarcodenia.com\/isla-de-portichol-denia\/","name":"Isla de Portichol: Un enclave obligatorio de D\u00e9nia BLOG - ALQUILER BARCO DENIA","isPartOf":{"@id":"https:\/\/alquilerbarcodenia.com\/en\/#website"},"primaryImageOfPage":{"@id":"https:\/\/alquilerbarcodenia.com\/isla-de-portichol-denia\/#primaryimage"},"image":{"@id":"https:\/\/alquilerbarcodenia.com\/isla-de-portichol-denia\/#primaryimage"},"thumbnailUrl":"http:\/\/danielo34.sg-host.com\/wp-content\/uploads\/2021\/06\/denia-skyline-in-alicante-spain-1-1024x683.jpg","datePublished":"2021-06-05T10:16:27+00:00","dateModified":"2021-06-14T12:43:09+00:00","breadcrumb":{"@id":"https:\/\/alquilerbarcodenia.com\/isla-de-portichol-denia\/#breadcrumb"},"inLanguage":"en-US","potentialAction":[{"@type":"ReadAction","target":["https:\/\/alquilerbarcodenia.com\/isla-de-portichol-denia\/"]}]},{"@type":"ImageObject","inLanguage":"en-US","@id":"https:\/\/alquilerbarcodenia.com\/isla-de-portichol-denia\/#primaryimage","url":"http:\/\/danielo34.sg-host.com\/wp-content\/uploads\/2021\/06\/denia-skyline-in-alicante-spain-1-1024x683.jpg","contentUrl":"http:\/\/danielo34.sg-host.com\/wp-content\/uploads\/2021\/06\/denia-skyline-in-alicante-spain-1-1024x683.jpg"},{"@type":"BreadcrumbList","@id":"https:\/\/alquilerbarcodenia.com\/isla-de-portichol-denia\/#breadcrumb","itemListElement":[{"@type":"ListItem","position":1,"name":"Portada","item":"https:\/\/alquilerbarcodenia.com\/"},{"@type":"ListItem","position":2,"name":"Isla de Portichol: Un enclave obligatorio de D\u00e9nia BLOG"}]},{"@type":"WebSite","@id":"https:\/\/alquilerbarcodenia.com\/en\/#website","url":"https:\/\/alquilerbarcodenia.com\/en\/","name":"BOAT RENTAL DENIA","description":"Alquiler Barco Denia. Alquiler de barcos en Denia con y sin patr\u00f3n al mejor precio. Alquiler de barcas semirr\u00edgidas en el Portet de Denia.","publisher":{"@id":"https:\/\/alquilerbarcodenia.com\/en\/#organization"},"potentialAction":[{"@type":"SearchAction","target":{"@type":"EntryPoint","urlTemplate":"https:\/\/alquilerbarcodenia.com\/en\/?s={search_term_string}"},"query-input":{"@type":"PropertyValueSpecification","valueRequired":true,"valueName":"search_term_string"}}],"inLanguage":"en-US"},{"@type":"Organization","@id":"https:\/\/alquilerbarcodenia.com\/en\/#organization","name":"Boat Rental Denia","url":"https:\/\/alquilerbarcodenia.com\/en\/","logo":{"@type":"ImageObject","inLanguage":"en-US","@id":"https:\/\/alquilerbarcodenia.com\/en\/#\/schema\/logo\/image\/","url":"https:\/\/alquilerbarcodenia.com\/wp-content\/uploads\/2021\/05\/alguiler-barco-denia-logo-2.png","contentUrl":"https:\/\/alquilerbarcodenia.com\/wp-content\/uploads\/2021\/05\/alguiler-barco-denia-logo-2.png","width":143,"height":95,"caption":"Alquiler Barco Denia"},"image":{"@id":"https:\/\/alquilerbarcodenia.com\/en\/#\/schema\/logo\/image\/"}}]}},"_links":{"self":[{"href":"https:\/\/alquilerbarcodenia.com\/en\/wp-json\/wp\/v2\/pages\/848","targetHints":{"allow":["GET"]}}],"collection":[{"href":"https:\/\/alquilerbarcodenia.com\/en\/wp-json\/wp\/v2\/pages"}],"about":[{"href":"https:\/\/alquilerbarcodenia.com\/en\/wp-json\/wp\/v2\/types\/page"}],"author":[{"embeddable":true,"href":"https:\/\/alquilerbarcodenia.com\/en\/wp-json\/wp\/v2\/users\/1"}],"replies":[{"embeddable":true,"href":"https:\/\/alquilerbarcodenia.com\/en\/wp-json\/wp\/v2\/comments?post=848"}],"version-history":[{"count":5,"href":"https:\/\/alquilerbarcodenia.com\/en\/wp-json\/wp\/v2\/pages\/848\/revisions"}],"predecessor-version":[{"id":853,"href":"https:\/\/alquilerbarcodenia.com\/en\/wp-json\/wp\/v2\/pages\/848\/revisions\/853"}],"wp:attachment":[{"href":"https:\/\/alquilerbarcodenia.com\/en\/wp-json\/wp\/v2\/media?parent=848"}],"curies":[{"name":"wp","href":"https:\/\/api.w.org\/{rel}","templated":true}]}}