{"id":843,"date":"2021-06-05T10:10:46","date_gmt":"2021-06-05T10:10:46","guid":{"rendered":"http:\/\/danielo34.sg-host.com\/?page_id=843"},"modified":"2021-06-17T23:23:57","modified_gmt":"2021-06-17T23:23:57","slug":"historia-de-denia","status":"publish","type":"page","link":"https:\/\/alquilerbarcodenia.com\/en\/historia-de-denia\/","title":{"rendered":"Historia de D\u00e9nia BLOG"},"content":{"rendered":"<div data-elementor-type=\"wp-page\" data-elementor-id=\"843\" class=\"elementor elementor-843\" data-elementor-post-type=\"page\">\n\t\t\t\t\t\t<section class=\"elementor-section elementor-top-section elementor-element elementor-element-437aa49a elementor-section-boxed elementor-section-height-default elementor-section-height-default\" data-id=\"437aa49a\" data-element_type=\"section\" data-e-type=\"section\" data-settings=\"{&quot;background_background&quot;:&quot;classic&quot;}\">\n\t\t\t\t\t\t<div class=\"elementor-container elementor-column-gap-default\">\n\t\t\t\t\t<div class=\"elementor-column elementor-col-50 elementor-top-column elementor-element elementor-element-3bb968ad\" data-id=\"3bb968ad\" data-element_type=\"column\" data-e-type=\"column\" data-settings=\"{&quot;background_background&quot;:&quot;classic&quot;}\">\n\t\t\t<div class=\"elementor-widget-wrap elementor-element-populated\">\n\t\t\t\t\t\t<div class=\"elementor-element elementor-element-7c4432be elementor-invisible elementor-widget elementor-widget-image\" data-id=\"7c4432be\" data-element_type=\"widget\" data-e-type=\"widget\" data-settings=\"{&quot;_animation&quot;:&quot;fadeInLeft&quot;,&quot;_animation_delay&quot;:200}\" data-widget_type=\"image.default\">\n\t\t\t\t<div class=\"elementor-widget-container\">\n\t\t\t\t\t\t\t\t\t\t\t\t\t\t\t<img fetchpriority=\"high\" decoding=\"async\" width=\"800\" height=\"534\" src=\"https:\/\/alquilerbarcodenia.com\/wp-content\/uploads\/2021\/06\/denia-skyline-at-sunset-with-montgo-1024x683.jpg\" class=\"attachment-large size-large wp-image-795\" alt=\"monte montgo denia alicante espa\u00f1a\" srcset=\"https:\/\/alquilerbarcodenia.com\/wp-content\/uploads\/2021\/06\/denia-skyline-at-sunset-with-montgo-1024x683.jpg 1024w, https:\/\/alquilerbarcodenia.com\/wp-content\/uploads\/2021\/06\/denia-skyline-at-sunset-with-montgo-300x200.jpg 300w, https:\/\/alquilerbarcodenia.com\/wp-content\/uploads\/2021\/06\/denia-skyline-at-sunset-with-montgo-768x512.jpg 768w, https:\/\/alquilerbarcodenia.com\/wp-content\/uploads\/2021\/06\/denia-skyline-at-sunset-with-montgo-1536x1025.jpg 1536w, https:\/\/alquilerbarcodenia.com\/wp-content\/uploads\/2021\/06\/denia-skyline-at-sunset-with-montgo-2048x1366.jpg 2048w, https:\/\/alquilerbarcodenia.com\/wp-content\/uploads\/2021\/06\/denia-skyline-at-sunset-with-montgo-16x12.jpg 16w, https:\/\/alquilerbarcodenia.com\/wp-content\/uploads\/2021\/06\/denia-skyline-at-sunset-with-montgo-600x400.jpg 600w\" sizes=\"(max-width: 800px) 100vw, 800px\" \/>\t\t\t\t\t\t\t\t\t\t\t\t\t\t\t<\/div>\n\t\t\t\t<\/div>\n\t\t\t\t<div class=\"elementor-element elementor-element-086b5ff elementor-widget elementor-widget-image\" data-id=\"086b5ff\" data-element_type=\"widget\" data-e-type=\"widget\" data-widget_type=\"image.default\">\n\t\t\t\t<div class=\"elementor-widget-container\">\n\t\t\t\t\t\t\t\t\t\t\t\t\t\t\t<img decoding=\"async\" width=\"800\" height=\"474\" src=\"https:\/\/alquilerbarcodenia.com\/wp-content\/uploads\/2021\/06\/denia-rotas-beach-of-mediterranean-1024x607.jpg\" class=\"attachment-large size-large wp-image-794\" alt=\"denia las rotas playa espa\u00f1a\" srcset=\"https:\/\/alquilerbarcodenia.com\/wp-content\/uploads\/2021\/06\/denia-rotas-beach-of-mediterranean-1024x607.jpg 1024w, https:\/\/alquilerbarcodenia.com\/wp-content\/uploads\/2021\/06\/denia-rotas-beach-of-mediterranean-300x178.jpg 300w, https:\/\/alquilerbarcodenia.com\/wp-content\/uploads\/2021\/06\/denia-rotas-beach-of-mediterranean-768x455.jpg 768w, https:\/\/alquilerbarcodenia.com\/wp-content\/uploads\/2021\/06\/denia-rotas-beach-of-mediterranean-1536x910.jpg 1536w, https:\/\/alquilerbarcodenia.com\/wp-content\/uploads\/2021\/06\/denia-rotas-beach-of-mediterranean-2048x1213.jpg 2048w, https:\/\/alquilerbarcodenia.com\/wp-content\/uploads\/2021\/06\/denia-rotas-beach-of-mediterranean-16x9.jpg 16w, https:\/\/alquilerbarcodenia.com\/wp-content\/uploads\/2021\/06\/denia-rotas-beach-of-mediterranean-600x355.jpg 600w\" sizes=\"(max-width: 800px) 100vw, 800px\" \/>\t\t\t\t\t\t\t\t\t\t\t\t\t\t\t<\/div>\n\t\t\t\t<\/div>\n\t\t\t\t<div class=\"elementor-element elementor-element-a036952 elementor-widget elementor-widget-image\" data-id=\"a036952\" data-element_type=\"widget\" data-e-type=\"widget\" data-widget_type=\"image.default\">\n\t\t\t\t<div class=\"elementor-widget-container\">\n\t\t\t\t\t\t\t\t\t\t\t\t\t\t\t<img decoding=\"async\" width=\"800\" height=\"534\" src=\"https:\/\/alquilerbarcodenia.com\/wp-content\/uploads\/2021\/06\/san-antonio-cape-sailing-sailboat-denia-1024x683.jpg\" class=\"attachment-large size-large wp-image-692\" alt=\"denia playa espectacular alicante espa\u00f1a\" srcset=\"https:\/\/alquilerbarcodenia.com\/wp-content\/uploads\/2021\/06\/san-antonio-cape-sailing-sailboat-denia-1024x683.jpg 1024w, https:\/\/alquilerbarcodenia.com\/wp-content\/uploads\/2021\/06\/san-antonio-cape-sailing-sailboat-denia-300x200.jpg 300w, https:\/\/alquilerbarcodenia.com\/wp-content\/uploads\/2021\/06\/san-antonio-cape-sailing-sailboat-denia-768x512.jpg 768w, https:\/\/alquilerbarcodenia.com\/wp-content\/uploads\/2021\/06\/san-antonio-cape-sailing-sailboat-denia-1536x1024.jpg 1536w, https:\/\/alquilerbarcodenia.com\/wp-content\/uploads\/2021\/06\/san-antonio-cape-sailing-sailboat-denia-2048x1365.jpg 2048w, https:\/\/alquilerbarcodenia.com\/wp-content\/uploads\/2021\/06\/san-antonio-cape-sailing-sailboat-denia-600x400.jpg 600w\" sizes=\"(max-width: 800px) 100vw, 800px\" \/>\t\t\t\t\t\t\t\t\t\t\t\t\t\t\t<\/div>\n\t\t\t\t<\/div>\n\t\t\t\t\t<\/div>\n\t\t<\/div>\n\t\t\t\t<div class=\"elementor-column elementor-col-50 elementor-top-column elementor-element elementor-element-51c1bc35\" data-id=\"51c1bc35\" data-element_type=\"column\" data-e-type=\"column\">\n\t\t\t<div class=\"elementor-widget-wrap elementor-element-populated\">\n\t\t\t\t\t\t<div class=\"elementor-element elementor-element-5cdfb7aa elementor-widget elementor-widget-heading\" data-id=\"5cdfb7aa\" data-element_type=\"widget\" data-e-type=\"widget\" data-widget_type=\"heading.default\">\n\t\t\t\t<div class=\"elementor-widget-container\">\n\t\t\t\t\t<h2 class=\"elementor-heading-title elementor-size-default\">WONDER BOATS<\/h2>\t\t\t\t<\/div>\n\t\t\t\t<\/div>\n\t\t\t\t<div class=\"elementor-element elementor-element-319a6298 elementor-widget elementor-widget-heading\" data-id=\"319a6298\" data-element_type=\"widget\" data-e-type=\"widget\" data-widget_type=\"heading.default\">\n\t\t\t\t<div class=\"elementor-widget-container\">\n\t\t\t\t\t<h5 class=\"elementor-heading-title elementor-size-default\">Denia\u00b4s history<\/h5>\t\t\t\t<\/div>\n\t\t\t\t<\/div>\n\t\t\t\t<div class=\"elementor-element elementor-element-1b17a2a9 elementor-widget-divider--view-line elementor-widget elementor-widget-divider\" data-id=\"1b17a2a9\" data-element_type=\"widget\" data-e-type=\"widget\" data-widget_type=\"divider.default\">\n\t\t\t\t<div class=\"elementor-widget-container\">\n\t\t\t\t\t\t\t<div class=\"elementor-divider\">\n\t\t\t<span class=\"elementor-divider-separator\">\n\t\t\t\t\t\t<\/span>\n\t\t<\/div>\n\t\t\t\t\t\t<\/div>\n\t\t\t\t<\/div>\n\t\t\t\t<div class=\"elementor-element elementor-element-35afe389 elementor-widget elementor-widget-text-editor\" data-id=\"35afe389\" data-element_type=\"widget\" data-e-type=\"widget\" data-widget_type=\"text-editor.default\">\n\t\t\t\t<div class=\"elementor-widget-container\">\n\t\t\t\t\t\t\t\t\t<p><span style=\"font-weight: 400;\">How far do you know the history of Denia? Over time this coastal enclave has accumulated a series of curiosities worth knowing. Did you know that Hollywood shot several movies there? Did you know that it was one of the main toy-producing cities? What do you know about its history and its Muslim roots?<\/span><\/p><p><span style=\"font-weight: 400;\">Here we tell you all about it, pay attention!<\/span><\/p><p><b>History of D\u00e9nia: Some curiosities that you should know<\/b><\/p><p><b>D\u00e9nia, a film destination<\/b><\/p><p><span style=\"font-weight: 400;\">Although in recent years it has become more common for films to be shot on Spanish coasts, in the past this was not the case. In fact, it was one of those rare exceptions. The history of Denia and its landscapes captivated Hollywood around 1969, turning the city into a precursor Spanish location in the celluloid world.\u00a0<\/span><\/p><p><span style=\"font-weight: 400;\">Krakatoa, East of Java' was the title of a project that was inspired by a cataclysmic event that took place in Krakatoa around 1883. During the coastal enclave was transformed into an oriental village. Today, one of the canoes used during the filming is still preserved as a souvenir. You can find it inside the castle of Denia. Undoubtedly, an anecdote that reminds us that Denia was, literally, a film destination.<\/span><\/p><p><span style=\"font-weight: 400;\">However, his relationship with the world of the seventh art did not end there. It was 1958, a particularly gray period marked by the economic aftermath of the post-war period. It was then that Samuel Bronston, an American producer, decided to choose Denia as the location for the shooting of the film Captain Jones. The project had a budget of over 200 million pesetas at the time and was spread over 4 months throughout the city. The neighbors participated as extras and lived moments of real excitement in the streets of Denia.<\/span><\/p><p><span style=\"font-weight: 400;\">Such was the impact that this experience left on its inhabitants that a sculpture was erected with a Playmobil 'click' representing the protagonist of the film. You can find it in the old neighborhood of Baix La Mar.<\/span><\/p><p><b>The history of D\u00e9nia in the Toy Museum<\/b><\/p><p><span style=\"font-weight: 400;\">The toy shop therefore acquired an important role in the identity of the city, something that is evident today in its popular Toy Museum. It is located inside the train station and inside you can take a tour through the history of Denia.<\/span><\/p><p><span style=\"font-weight: 400;\">Its impressive collection of relics in the form of children's items, most of them dating from the 20th century, allows a faithful approach to the trajectory of a city that shone for its amazing creative resources.<\/span><\/p><p><span style=\"font-weight: 400;\">On the second floor of the train station, you can find perfectly preserved toys of all kinds. Most of them made of materials such as wood or tin, the undisputed protagonists of the time, compared to the plastic that later invaded the toy industry. Boats, kitchenettes, board games, dolls or cars.\u00a0<\/span><\/p><p><span style=\"font-weight: 400;\">The doors of the Toy Museum are open in the mornings and afternoons and admission is free.\u00a0<\/span><\/p><p><b>Denia, the great toy industry.\u00a0<\/b><\/p><p><span style=\"font-weight: 400;\">Denia's economic activity has been strongly marked by the production of toys. In fact, in the past it was one of the most recognized production centers of the Spanish Levant. Its toy tradition began in the early twentieth century, specifically in 1904, when the first toy factory was built. At that time the main raw material was the ojala, although with the passage of time the production process diversified to include other materials. Gradually, wood began to be implemented in the manufacturing chain, especially in the 1920s, which was the golden age of this material. This tradition spread massively throughout the 20th century with the appearance of all kinds of children's products and toys ranging from boats to bicycles, dolls and cars.<\/span><\/p><p><b>Muslim Denia<\/b><\/p><p><span style=\"font-weight: 400;\">Denia is a vestige of anachronisms that have been preserved since ancient times, especially from the Muslim era. Its wall of the Fort\u00ed de Daniya is one of the best known historical references that the city has. This wall in the past delimited what we know today as the suburb of the Medina and that at that time received the name of <\/span><i><span style=\"font-weight: 400;\">Rabad Amir. <\/span><\/i><span style=\"font-weight: 400;\">In order to guarantee the integrity of this fortification, today it is flanked by a protective barrier and an upper roof to minimize the influence of the effects of the weather. Another good example is the Baix la Mar neighborhood. This old neighborhood has its origin in the Arrabal del Mar. Today this area is the only one that remains of the four suburbs of the Muslim era.\u00a0<\/span><\/p><p><b>Did you know these details of the history of Denia? <\/b><a href=\"https:\/\/alquilerbarcodenia.com\/en\/alquiler-barco-denia\/\" target=\"_blank\" rel=\"noopener\"><b>Rent a boat<\/b><\/a><b> and discover its historical corners up close.<\/b><\/p>\t\t\t\t\t\t\t\t<\/div>\n\t\t\t\t<\/div>\n\t\t\t\t\t<\/div>\n\t\t<\/div>\n\t\t\t\t\t<\/div>\n\t\t<\/section>\n\t\t\t\t<\/div>","protected":false},"excerpt":{"rendered":"<p>WONDER BOATS Historia de D\u00e9nia \u00bfHasta d\u00f3nde conoces la historia de D\u00e9nia? A lo largo del tiempo este enclave costero ha ido acumulando una serie de curiosidades dignas de conocer. \u00bfSab\u00edas que Hollywood rod\u00f3 varias pel\u00edculas all\u00ed? \u00bfSab\u00edas que fue una de las principales ciudades productoras de juguetes? \u00bfQu\u00e9 conoces de su historia y sus [&hellip;]<\/p>\n","protected":false},"author":1,"featured_media":0,"parent":0,"menu_order":0,"comment_status":"closed","ping_status":"closed","template":"elementor_header_footer","meta":{"footnotes":""},"class_list":["post-843","page","type-page","status-publish","hentry"],"yoast_head":"<!-- This site is optimized with the Yoast SEO plugin v27.3 - https:\/\/yoast.com\/product\/yoast-seo-wordpress\/ -->\n<title>Historia de D\u00e9nia BLOG - ALQUILER BARCO DENIA<\/title>\n<meta name=\"robots\" content=\"index, follow, max-snippet:-1, max-image-preview:large, max-video-preview:-1\" \/>\n<link rel=\"canonical\" href=\"https:\/\/alquilerbarcodenia.com\/en\/historia-de-denia\/\" \/>\n<meta property=\"og:locale\" content=\"en_US\" \/>\n<meta property=\"og:type\" content=\"article\" \/>\n<meta property=\"og:title\" content=\"Historia de D\u00e9nia BLOG - ALQUILER BARCO DENIA\" \/>\n<meta property=\"og:description\" content=\"WONDER BOATS Historia de D\u00e9nia \u00bfHasta d\u00f3nde conoces la historia de D\u00e9nia? A lo largo del tiempo este enclave costero ha ido acumulando una serie de curiosidades dignas de conocer. \u00bfSab\u00edas que Hollywood rod\u00f3 varias pel\u00edculas all\u00ed? \u00bfSab\u00edas que fue una de las principales ciudades productoras de juguetes? \u00bfQu\u00e9 conoces de su historia y sus [&hellip;]\" \/>\n<meta property=\"og:url\" content=\"https:\/\/alquilerbarcodenia.com\/en\/historia-de-denia\/\" \/>\n<meta property=\"og:site_name\" content=\"ALQUILER BARCO DENIA\" \/>\n<meta property=\"article:modified_time\" content=\"2021-06-17T23:23:57+00:00\" \/>\n<meta property=\"og:image\" content=\"http:\/\/alquilerbarcodenia.com\/wp-content\/uploads\/2021\/06\/denia-skyline-at-sunset-with-montgo-1024x683.jpg\" \/>\n<meta name=\"twitter:card\" content=\"summary_large_image\" \/>\n<meta name=\"twitter:label1\" content=\"Est. reading time\" \/>\n\t<meta name=\"twitter:data1\" content=\"5 minutes\" \/>\n<script type=\"application\/ld+json\" class=\"yoast-schema-graph\">{\"@context\":\"https:\\\/\\\/schema.org\",\"@graph\":[{\"@type\":\"WebPage\",\"@id\":\"https:\\\/\\\/alquilerbarcodenia.com\\\/historia-de-denia\\\/\",\"url\":\"https:\\\/\\\/alquilerbarcodenia.com\\\/historia-de-denia\\\/\",\"name\":\"Historia de D\u00e9nia BLOG - ALQUILER BARCO DENIA\",\"isPartOf\":{\"@id\":\"https:\\\/\\\/alquilerbarcodenia.com\\\/en\\\/#website\"},\"primaryImageOfPage\":{\"@id\":\"https:\\\/\\\/alquilerbarcodenia.com\\\/historia-de-denia\\\/#primaryimage\"},\"image\":{\"@id\":\"https:\\\/\\\/alquilerbarcodenia.com\\\/historia-de-denia\\\/#primaryimage\"},\"thumbnailUrl\":\"http:\\\/\\\/alquilerbarcodenia.com\\\/wp-content\\\/uploads\\\/2021\\\/06\\\/denia-skyline-at-sunset-with-montgo-1024x683.jpg\",\"datePublished\":\"2021-06-05T10:10:46+00:00\",\"dateModified\":\"2021-06-17T23:23:57+00:00\",\"breadcrumb\":{\"@id\":\"https:\\\/\\\/alquilerbarcodenia.com\\\/historia-de-denia\\\/#breadcrumb\"},\"inLanguage\":\"en-US\",\"potentialAction\":[{\"@type\":\"ReadAction\",\"target\":[\"https:\\\/\\\/alquilerbarcodenia.com\\\/historia-de-denia\\\/\"]}]},{\"@type\":\"ImageObject\",\"inLanguage\":\"en-US\",\"@id\":\"https:\\\/\\\/alquilerbarcodenia.com\\\/historia-de-denia\\\/#primaryimage\",\"url\":\"http:\\\/\\\/alquilerbarcodenia.com\\\/wp-content\\\/uploads\\\/2021\\\/06\\\/denia-skyline-at-sunset-with-montgo-1024x683.jpg\",\"contentUrl\":\"http:\\\/\\\/alquilerbarcodenia.com\\\/wp-content\\\/uploads\\\/2021\\\/06\\\/denia-skyline-at-sunset-with-montgo-1024x683.jpg\"},{\"@type\":\"BreadcrumbList\",\"@id\":\"https:\\\/\\\/alquilerbarcodenia.com\\\/historia-de-denia\\\/#breadcrumb\",\"itemListElement\":[{\"@type\":\"ListItem\",\"position\":1,\"name\":\"Portada\",\"item\":\"https:\\\/\\\/alquilerbarcodenia.com\\\/\"},{\"@type\":\"ListItem\",\"position\":2,\"name\":\"Historia de D\u00e9nia BLOG\"}]},{\"@type\":\"WebSite\",\"@id\":\"https:\\\/\\\/alquilerbarcodenia.com\\\/en\\\/#website\",\"url\":\"https:\\\/\\\/alquilerbarcodenia.com\\\/en\\\/\",\"name\":\"ALQUILER BARCO DENIA\",\"description\":\"Alquiler Barco Denia. Alquiler de barcos en Denia con y sin patr\u00f3n al mejor precio. Alquiler de barcas semirr\u00edgidas en el Portet de Denia.\",\"publisher\":{\"@id\":\"https:\\\/\\\/alquilerbarcodenia.com\\\/en\\\/#organization\"},\"potentialAction\":[{\"@type\":\"SearchAction\",\"target\":{\"@type\":\"EntryPoint\",\"urlTemplate\":\"https:\\\/\\\/alquilerbarcodenia.com\\\/en\\\/?s={search_term_string}\"},\"query-input\":{\"@type\":\"PropertyValueSpecification\",\"valueRequired\":true,\"valueName\":\"search_term_string\"}}],\"inLanguage\":\"en-US\"},{\"@type\":\"Organization\",\"@id\":\"https:\\\/\\\/alquilerbarcodenia.com\\\/en\\\/#organization\",\"name\":\"Alquiler Barco Denia\",\"url\":\"https:\\\/\\\/alquilerbarcodenia.com\\\/en\\\/\",\"logo\":{\"@type\":\"ImageObject\",\"inLanguage\":\"en-US\",\"@id\":\"https:\\\/\\\/alquilerbarcodenia.com\\\/en\\\/#\\\/schema\\\/logo\\\/image\\\/\",\"url\":\"https:\\\/\\\/alquilerbarcodenia.com\\\/wp-content\\\/uploads\\\/2021\\\/05\\\/alguiler-barco-denia-logo-2.png\",\"contentUrl\":\"https:\\\/\\\/alquilerbarcodenia.com\\\/wp-content\\\/uploads\\\/2021\\\/05\\\/alguiler-barco-denia-logo-2.png\",\"width\":143,\"height\":95,\"caption\":\"Alquiler Barco Denia\"},\"image\":{\"@id\":\"https:\\\/\\\/alquilerbarcodenia.com\\\/en\\\/#\\\/schema\\\/logo\\\/image\\\/\"}}]}<\/script>\n<!-- \/ Yoast SEO plugin. -->","yoast_head_json":{"title":"Historia de D\u00e9nia BLOG - ALQUILER BARCO DENIA","robots":{"index":"index","follow":"follow","max-snippet":"max-snippet:-1","max-image-preview":"max-image-preview:large","max-video-preview":"max-video-preview:-1"},"canonical":"https:\/\/alquilerbarcodenia.com\/en\/historia-de-denia\/","og_locale":"en_US","og_type":"article","og_title":"Historia de D\u00e9nia BLOG - ALQUILER BARCO DENIA","og_description":"WONDER BOATS Historia de D\u00e9nia \u00bfHasta d\u00f3nde conoces la historia de D\u00e9nia? A lo largo del tiempo este enclave costero ha ido acumulando una serie de curiosidades dignas de conocer. \u00bfSab\u00edas que Hollywood rod\u00f3 varias pel\u00edculas all\u00ed? \u00bfSab\u00edas que fue una de las principales ciudades productoras de juguetes? \u00bfQu\u00e9 conoces de su historia y sus [&hellip;]","og_url":"https:\/\/alquilerbarcodenia.com\/en\/historia-de-denia\/","og_site_name":"ALQUILER BARCO DENIA","article_modified_time":"2021-06-17T23:23:57+00:00","og_image":[{"url":"http:\/\/alquilerbarcodenia.com\/wp-content\/uploads\/2021\/06\/denia-skyline-at-sunset-with-montgo-1024x683.jpg","type":"","width":"","height":""}],"twitter_card":"summary_large_image","twitter_misc":{"Est. reading time":"5 minutes"},"schema":{"@context":"https:\/\/schema.org","@graph":[{"@type":"WebPage","@id":"https:\/\/alquilerbarcodenia.com\/historia-de-denia\/","url":"https:\/\/alquilerbarcodenia.com\/historia-de-denia\/","name":"Historia de D\u00e9nia BLOG - ALQUILER BARCO DENIA","isPartOf":{"@id":"https:\/\/alquilerbarcodenia.com\/en\/#website"},"primaryImageOfPage":{"@id":"https:\/\/alquilerbarcodenia.com\/historia-de-denia\/#primaryimage"},"image":{"@id":"https:\/\/alquilerbarcodenia.com\/historia-de-denia\/#primaryimage"},"thumbnailUrl":"http:\/\/alquilerbarcodenia.com\/wp-content\/uploads\/2021\/06\/denia-skyline-at-sunset-with-montgo-1024x683.jpg","datePublished":"2021-06-05T10:10:46+00:00","dateModified":"2021-06-17T23:23:57+00:00","breadcrumb":{"@id":"https:\/\/alquilerbarcodenia.com\/historia-de-denia\/#breadcrumb"},"inLanguage":"en-US","potentialAction":[{"@type":"ReadAction","target":["https:\/\/alquilerbarcodenia.com\/historia-de-denia\/"]}]},{"@type":"ImageObject","inLanguage":"en-US","@id":"https:\/\/alquilerbarcodenia.com\/historia-de-denia\/#primaryimage","url":"http:\/\/alquilerbarcodenia.com\/wp-content\/uploads\/2021\/06\/denia-skyline-at-sunset-with-montgo-1024x683.jpg","contentUrl":"http:\/\/alquilerbarcodenia.com\/wp-content\/uploads\/2021\/06\/denia-skyline-at-sunset-with-montgo-1024x683.jpg"},{"@type":"BreadcrumbList","@id":"https:\/\/alquilerbarcodenia.com\/historia-de-denia\/#breadcrumb","itemListElement":[{"@type":"ListItem","position":1,"name":"Portada","item":"https:\/\/alquilerbarcodenia.com\/"},{"@type":"ListItem","position":2,"name":"Historia de D\u00e9nia BLOG"}]},{"@type":"WebSite","@id":"https:\/\/alquilerbarcodenia.com\/en\/#website","url":"https:\/\/alquilerbarcodenia.com\/en\/","name":"BOAT RENTAL DENIA","description":"Alquiler Barco Denia. Alquiler de barcos en Denia con y sin patr\u00f3n al mejor precio. Alquiler de barcas semirr\u00edgidas en el Portet de Denia.","publisher":{"@id":"https:\/\/alquilerbarcodenia.com\/en\/#organization"},"potentialAction":[{"@type":"SearchAction","target":{"@type":"EntryPoint","urlTemplate":"https:\/\/alquilerbarcodenia.com\/en\/?s={search_term_string}"},"query-input":{"@type":"PropertyValueSpecification","valueRequired":true,"valueName":"search_term_string"}}],"inLanguage":"en-US"},{"@type":"Organization","@id":"https:\/\/alquilerbarcodenia.com\/en\/#organization","name":"Boat Rental Denia","url":"https:\/\/alquilerbarcodenia.com\/en\/","logo":{"@type":"ImageObject","inLanguage":"en-US","@id":"https:\/\/alquilerbarcodenia.com\/en\/#\/schema\/logo\/image\/","url":"https:\/\/alquilerbarcodenia.com\/wp-content\/uploads\/2021\/05\/alguiler-barco-denia-logo-2.png","contentUrl":"https:\/\/alquilerbarcodenia.com\/wp-content\/uploads\/2021\/05\/alguiler-barco-denia-logo-2.png","width":143,"height":95,"caption":"Alquiler Barco Denia"},"image":{"@id":"https:\/\/alquilerbarcodenia.com\/en\/#\/schema\/logo\/image\/"}}]}},"_links":{"self":[{"href":"https:\/\/alquilerbarcodenia.com\/en\/wp-json\/wp\/v2\/pages\/843","targetHints":{"allow":["GET"]}}],"collection":[{"href":"https:\/\/alquilerbarcodenia.com\/en\/wp-json\/wp\/v2\/pages"}],"about":[{"href":"https:\/\/alquilerbarcodenia.com\/en\/wp-json\/wp\/v2\/types\/page"}],"author":[{"embeddable":true,"href":"https:\/\/alquilerbarcodenia.com\/en\/wp-json\/wp\/v2\/users\/1"}],"replies":[{"embeddable":true,"href":"https:\/\/alquilerbarcodenia.com\/en\/wp-json\/wp\/v2\/comments?post=843"}],"version-history":[{"count":7,"href":"https:\/\/alquilerbarcodenia.com\/en\/wp-json\/wp\/v2\/pages\/843\/revisions"}],"predecessor-version":[{"id":1110,"href":"https:\/\/alquilerbarcodenia.com\/en\/wp-json\/wp\/v2\/pages\/843\/revisions\/1110"}],"wp:attachment":[{"href":"https:\/\/alquilerbarcodenia.com\/en\/wp-json\/wp\/v2\/media?parent=843"}],"curies":[{"name":"wp","href":"https:\/\/api.w.org\/{rel}","templated":true}]}}