{"id":433,"date":"2021-06-01T08:48:07","date_gmt":"2021-06-01T08:48:07","guid":{"rendered":"http:\/\/danielo34.sg-host.com\/?page_id=433"},"modified":"2021-06-02T07:41:13","modified_gmt":"2021-06-02T07:41:13","slug":"the-denia-boat-rental-blog","status":"publish","type":"page","link":"https:\/\/alquilerbarcodenia.com\/en\/the-denia-boat-rental-blog\/","title":{"rendered":"THE DENIA BOAT RENTAL BLOG"},"content":{"rendered":"<div data-elementor-type=\"wp-page\" data-elementor-id=\"433\" class=\"elementor elementor-433\" data-elementor-post-type=\"page\">\n\t\t\t\t\t\t<section class=\"elementor-section elementor-top-section elementor-element elementor-element-543f7e2e elementor-section-boxed elementor-section-height-default elementor-section-height-default\" data-id=\"543f7e2e\" data-element_type=\"section\" data-e-type=\"section\" data-settings=\"{&quot;background_background&quot;:&quot;classic&quot;}\">\n\t\t\t\t\t\t<div class=\"elementor-container elementor-column-gap-default\">\n\t\t\t\t\t<div class=\"elementor-column elementor-col-50 elementor-top-column elementor-element elementor-element-3d64f520\" data-id=\"3d64f520\" data-element_type=\"column\" data-e-type=\"column\" data-settings=\"{&quot;background_background&quot;:&quot;classic&quot;}\">\n\t\t\t<div class=\"elementor-widget-wrap elementor-element-populated\">\n\t\t\t\t\t\t<div class=\"elementor-element elementor-element-5caa3455 elementor-invisible elementor-widget elementor-widget-image\" data-id=\"5caa3455\" data-element_type=\"widget\" data-e-type=\"widget\" data-settings=\"{&quot;_animation&quot;:&quot;fadeInLeft&quot;,&quot;_animation_delay&quot;:200}\" data-widget_type=\"image.default\">\n\t\t\t\t<div class=\"elementor-widget-container\">\n\t\t\t\t\t\t\t\t\t\t\t\t\t\t\t<img decoding=\"async\" src=\"https:\/\/alquilerbarcodenia.com\/wp-content\/uploads\/2021\/05\/pexels-pok-rie-4669603-scaled.jpg\" title=\"barco-mar-denia\" alt=\"denia experience barco paisaje top\" loading=\"lazy\" \/>\t\t\t\t\t\t\t\t\t\t\t\t\t\t\t<\/div>\n\t\t\t\t<\/div>\n\t\t\t\t\t<\/div>\n\t\t<\/div>\n\t\t\t\t<div class=\"elementor-column elementor-col-50 elementor-top-column elementor-element elementor-element-5a270ff5\" data-id=\"5a270ff5\" data-element_type=\"column\" data-e-type=\"column\">\n\t\t\t<div class=\"elementor-widget-wrap elementor-element-populated\">\n\t\t\t\t\t\t<div class=\"elementor-element elementor-element-41672a65 elementor-widget elementor-widget-heading\" data-id=\"41672a65\" data-element_type=\"widget\" data-e-type=\"widget\" data-widget_type=\"heading.default\">\n\t\t\t\t<div class=\"elementor-widget-container\">\n\t\t\t\t\t<h2 class=\"elementor-heading-title elementor-size-default\">WONDER BOATS<\/h2>\t\t\t\t<\/div>\n\t\t\t\t<\/div>\n\t\t\t\t<div class=\"elementor-element elementor-element-7ca72781 elementor-widget elementor-widget-heading\" data-id=\"7ca72781\" data-element_type=\"widget\" data-e-type=\"widget\" data-widget_type=\"heading.default\">\n\t\t\t\t<div class=\"elementor-widget-container\">\n\t\t\t\t\t<h5 class=\"elementor-heading-title elementor-size-default\">DENIA BOAT RENTAL <\/h5>\t\t\t\t<\/div>\n\t\t\t\t<\/div>\n\t\t\t\t<div class=\"elementor-element elementor-element-15a70c2b elementor-widget-divider--view-line elementor-widget elementor-widget-divider\" data-id=\"15a70c2b\" data-element_type=\"widget\" data-e-type=\"widget\" data-widget_type=\"divider.default\">\n\t\t\t\t<div class=\"elementor-widget-container\">\n\t\t\t\t\t\t\t<div class=\"elementor-divider\">\n\t\t\t<span class=\"elementor-divider-separator\">\n\t\t\t\t\t\t<\/span>\n\t\t<\/div>\n\t\t\t\t\t\t<\/div>\n\t\t\t\t<\/div>\n\t\t\t\t<div class=\"elementor-element elementor-element-4d38e273 elementor-widget elementor-widget-text-editor\" data-id=\"4d38e273\" data-element_type=\"widget\" data-e-type=\"widget\" data-widget_type=\"text-editor.default\">\n\t\t\t\t<div class=\"elementor-widget-container\">\n\t\t\t\t\t\t\t\t\t<p>Welcome to the blog of Alquiler Barco Denia, the blog of Wonder Boats. We want to show you all the beauty of the Costa Blanca to inspire you on your trip and know in advance what you can find on your arrival.<br \/>Inspiration, motivation and entertainment, that's all. Share with us your passion for Denia and comment on the articles to share your knowledge and concerns and create a conversation.<br \/>We spend the day sailing and enjoying the warm waters of the Mediterranean in this area of the Valencian Community while we share with our clients the pleasure of such unique visits. We do boat rentals and guided tours along the coast to points of interest such as Javea, Portichol Island or the Cova Tallada.<\/p><h6><br \/><strong>Thank you and Welcome!!!<\/strong><\/h6>\t\t\t\t\t\t\t\t<\/div>\n\t\t\t\t<\/div>\n\t\t\t\t\t<\/div>\n\t\t<\/div>\n\t\t\t\t\t<\/div>\n\t\t<\/section>\n\t\t\t\t<\/div>","protected":false},"excerpt":{"rendered":"<p>WONDER BOATS THE DENIA BOAT RENTAL Bienvenidos al blog de Alquiler Barco Denia, el blog de Wonder Boats. Queremos mostrarte toda la belleza de la Costa Blanca para inspirarte en tu viaje y saber de antemano lo que te puedes encontrar a tu llegada.Inspiraci\u00f3n, motivaci\u00f3n y entretenimiento, eso es todo. Comparte con nosotros tu pasi\u00f3n [&hellip;]<\/p>\n","protected":false},"author":1,"featured_media":0,"parent":0,"menu_order":0,"comment_status":"closed","ping_status":"closed","template":"elementor_header_footer","meta":{"footnotes":""},"class_list":["post-433","page","type-page","status-publish","hentry"],"yoast_head":"<!-- This site is optimized with the Yoast SEO plugin v27.4 - https:\/\/yoast.com\/product\/yoast-seo-wordpress\/ -->\n<title>THE DENIA BOAT RENTAL BLOG - ALQUILER BARCO DENIA<\/title>\n<meta name=\"robots\" content=\"index, follow, max-snippet:-1, max-image-preview:large, max-video-preview:-1\" \/>\n<link rel=\"canonical\" href=\"https:\/\/alquilerbarcodenia.com\/en\/the-denia-boat-rental-blog\/\" \/>\n<meta property=\"og:locale\" content=\"en_US\" \/>\n<meta property=\"og:type\" content=\"article\" \/>\n<meta property=\"og:title\" content=\"THE DENIA BOAT RENTAL BLOG - ALQUILER BARCO DENIA\" \/>\n<meta property=\"og:description\" content=\"WONDER BOATS THE DENIA BOAT RENTAL Bienvenidos al blog de Alquiler Barco Denia, el blog de Wonder Boats. Queremos mostrarte toda la belleza de la Costa Blanca para inspirarte en tu viaje y saber de antemano lo que te puedes encontrar a tu llegada.Inspiraci\u00f3n, motivaci\u00f3n y entretenimiento, eso es todo. Comparte con nosotros tu pasi\u00f3n [&hellip;]\" \/>\n<meta property=\"og:url\" content=\"https:\/\/alquilerbarcodenia.com\/en\/the-denia-boat-rental-blog\/\" \/>\n<meta property=\"og:site_name\" content=\"ALQUILER BARCO DENIA\" \/>\n<meta property=\"article:modified_time\" content=\"2021-06-02T07:41:13+00:00\" \/>\n<meta property=\"og:image\" content=\"http:\/\/danielo34.sg-host.com\/wp-content\/uploads\/elementor\/thumbs\/pexels-pok-rie-4669603-scaled-p80usno3l78061kbmbqb9c7e7mcowp9oqe7ltgry3q.jpg\" \/>\n<meta name=\"twitter:card\" content=\"summary_large_image\" \/>\n<meta name=\"twitter:label1\" content=\"Est. reading time\" \/>\n\t<meta name=\"twitter:data1\" content=\"1 minute\" \/>\n<script type=\"application\/ld+json\" class=\"yoast-schema-graph\">{\"@context\":\"https:\\\/\\\/schema.org\",\"@graph\":[{\"@type\":\"WebPage\",\"@id\":\"https:\\\/\\\/alquilerbarcodenia.com\\\/the-denia-boat-rental-blog\\\/\",\"url\":\"https:\\\/\\\/alquilerbarcodenia.com\\\/the-denia-boat-rental-blog\\\/\",\"name\":\"THE DENIA BOAT RENTAL BLOG - ALQUILER BARCO DENIA\",\"isPartOf\":{\"@id\":\"https:\\\/\\\/alquilerbarcodenia.com\\\/en\\\/#website\"},\"primaryImageOfPage\":{\"@id\":\"https:\\\/\\\/alquilerbarcodenia.com\\\/the-denia-boat-rental-blog\\\/#primaryimage\"},\"image\":{\"@id\":\"https:\\\/\\\/alquilerbarcodenia.com\\\/the-denia-boat-rental-blog\\\/#primaryimage\"},\"thumbnailUrl\":\"http:\\\/\\\/danielo34.sg-host.com\\\/wp-content\\\/uploads\\\/elementor\\\/thumbs\\\/pexels-pok-rie-4669603-scaled-p80usno3l78061kbmbqb9c7e7mcowp9oqe7ltgry3q.jpg\",\"datePublished\":\"2021-06-01T08:48:07+00:00\",\"dateModified\":\"2021-06-02T07:41:13+00:00\",\"breadcrumb\":{\"@id\":\"https:\\\/\\\/alquilerbarcodenia.com\\\/the-denia-boat-rental-blog\\\/#breadcrumb\"},\"inLanguage\":\"en-US\",\"potentialAction\":[{\"@type\":\"ReadAction\",\"target\":[\"https:\\\/\\\/alquilerbarcodenia.com\\\/the-denia-boat-rental-blog\\\/\"]}]},{\"@type\":\"ImageObject\",\"inLanguage\":\"en-US\",\"@id\":\"https:\\\/\\\/alquilerbarcodenia.com\\\/the-denia-boat-rental-blog\\\/#primaryimage\",\"url\":\"http:\\\/\\\/danielo34.sg-host.com\\\/wp-content\\\/uploads\\\/elementor\\\/thumbs\\\/pexels-pok-rie-4669603-scaled-p80usno3l78061kbmbqb9c7e7mcowp9oqe7ltgry3q.jpg\",\"contentUrl\":\"http:\\\/\\\/danielo34.sg-host.com\\\/wp-content\\\/uploads\\\/elementor\\\/thumbs\\\/pexels-pok-rie-4669603-scaled-p80usno3l78061kbmbqb9c7e7mcowp9oqe7ltgry3q.jpg\"},{\"@type\":\"BreadcrumbList\",\"@id\":\"https:\\\/\\\/alquilerbarcodenia.com\\\/the-denia-boat-rental-blog\\\/#breadcrumb\",\"itemListElement\":[{\"@type\":\"ListItem\",\"position\":1,\"name\":\"Portada\",\"item\":\"https:\\\/\\\/alquilerbarcodenia.com\\\/\"},{\"@type\":\"ListItem\",\"position\":2,\"name\":\"THE DENIA BOAT RENTAL BLOG\"}]},{\"@type\":\"WebSite\",\"@id\":\"https:\\\/\\\/alquilerbarcodenia.com\\\/en\\\/#website\",\"url\":\"https:\\\/\\\/alquilerbarcodenia.com\\\/en\\\/\",\"name\":\"ALQUILER BARCO DENIA\",\"description\":\"Alquiler Barco Denia. Alquiler de barcos en Denia con y sin patr\u00f3n al mejor precio. Alquiler de barcas semirr\u00edgidas en el Portet de Denia.\",\"publisher\":{\"@id\":\"https:\\\/\\\/alquilerbarcodenia.com\\\/en\\\/#organization\"},\"potentialAction\":[{\"@type\":\"SearchAction\",\"target\":{\"@type\":\"EntryPoint\",\"urlTemplate\":\"https:\\\/\\\/alquilerbarcodenia.com\\\/en\\\/?s={search_term_string}\"},\"query-input\":{\"@type\":\"PropertyValueSpecification\",\"valueRequired\":true,\"valueName\":\"search_term_string\"}}],\"inLanguage\":\"en-US\"},{\"@type\":\"Organization\",\"@id\":\"https:\\\/\\\/alquilerbarcodenia.com\\\/en\\\/#organization\",\"name\":\"Alquiler Barco Denia\",\"url\":\"https:\\\/\\\/alquilerbarcodenia.com\\\/en\\\/\",\"logo\":{\"@type\":\"ImageObject\",\"inLanguage\":\"en-US\",\"@id\":\"https:\\\/\\\/alquilerbarcodenia.com\\\/en\\\/#\\\/schema\\\/logo\\\/image\\\/\",\"url\":\"https:\\\/\\\/alquilerbarcodenia.com\\\/wp-content\\\/uploads\\\/2021\\\/05\\\/alguiler-barco-denia-logo-2.png\",\"contentUrl\":\"https:\\\/\\\/alquilerbarcodenia.com\\\/wp-content\\\/uploads\\\/2021\\\/05\\\/alguiler-barco-denia-logo-2.png\",\"width\":143,\"height\":95,\"caption\":\"Alquiler Barco Denia\"},\"image\":{\"@id\":\"https:\\\/\\\/alquilerbarcodenia.com\\\/en\\\/#\\\/schema\\\/logo\\\/image\\\/\"}}]}<\/script>\n<!-- \/ Yoast SEO plugin. -->","yoast_head_json":{"title":"THE DENIA BOAT RENTAL BLOG - ALQUILER BARCO DENIA","robots":{"index":"index","follow":"follow","max-snippet":"max-snippet:-1","max-image-preview":"max-image-preview:large","max-video-preview":"max-video-preview:-1"},"canonical":"https:\/\/alquilerbarcodenia.com\/en\/the-denia-boat-rental-blog\/","og_locale":"en_US","og_type":"article","og_title":"THE DENIA BOAT RENTAL BLOG - ALQUILER BARCO DENIA","og_description":"WONDER BOATS THE DENIA BOAT RENTAL Bienvenidos al blog de Alquiler Barco Denia, el blog de Wonder Boats. Queremos mostrarte toda la belleza de la Costa Blanca para inspirarte en tu viaje y saber de antemano lo que te puedes encontrar a tu llegada.Inspiraci\u00f3n, motivaci\u00f3n y entretenimiento, eso es todo. Comparte con nosotros tu pasi\u00f3n [&hellip;]","og_url":"https:\/\/alquilerbarcodenia.com\/en\/the-denia-boat-rental-blog\/","og_site_name":"ALQUILER BARCO DENIA","article_modified_time":"2021-06-02T07:41:13+00:00","og_image":[{"url":"http:\/\/danielo34.sg-host.com\/wp-content\/uploads\/elementor\/thumbs\/pexels-pok-rie-4669603-scaled-p80usno3l78061kbmbqb9c7e7mcowp9oqe7ltgry3q.jpg","type":"","width":"","height":""}],"twitter_card":"summary_large_image","twitter_misc":{"Est. reading time":"1 minute"},"schema":{"@context":"https:\/\/schema.org","@graph":[{"@type":"WebPage","@id":"https:\/\/alquilerbarcodenia.com\/the-denia-boat-rental-blog\/","url":"https:\/\/alquilerbarcodenia.com\/the-denia-boat-rental-blog\/","name":"THE DENIA BOAT RENTAL BLOG - ALQUILER BARCO DENIA","isPartOf":{"@id":"https:\/\/alquilerbarcodenia.com\/en\/#website"},"primaryImageOfPage":{"@id":"https:\/\/alquilerbarcodenia.com\/the-denia-boat-rental-blog\/#primaryimage"},"image":{"@id":"https:\/\/alquilerbarcodenia.com\/the-denia-boat-rental-blog\/#primaryimage"},"thumbnailUrl":"http:\/\/danielo34.sg-host.com\/wp-content\/uploads\/elementor\/thumbs\/pexels-pok-rie-4669603-scaled-p80usno3l78061kbmbqb9c7e7mcowp9oqe7ltgry3q.jpg","datePublished":"2021-06-01T08:48:07+00:00","dateModified":"2021-06-02T07:41:13+00:00","breadcrumb":{"@id":"https:\/\/alquilerbarcodenia.com\/the-denia-boat-rental-blog\/#breadcrumb"},"inLanguage":"en-US","potentialAction":[{"@type":"ReadAction","target":["https:\/\/alquilerbarcodenia.com\/the-denia-boat-rental-blog\/"]}]},{"@type":"ImageObject","inLanguage":"en-US","@id":"https:\/\/alquilerbarcodenia.com\/the-denia-boat-rental-blog\/#primaryimage","url":"http:\/\/danielo34.sg-host.com\/wp-content\/uploads\/elementor\/thumbs\/pexels-pok-rie-4669603-scaled-p80usno3l78061kbmbqb9c7e7mcowp9oqe7ltgry3q.jpg","contentUrl":"http:\/\/danielo34.sg-host.com\/wp-content\/uploads\/elementor\/thumbs\/pexels-pok-rie-4669603-scaled-p80usno3l78061kbmbqb9c7e7mcowp9oqe7ltgry3q.jpg"},{"@type":"BreadcrumbList","@id":"https:\/\/alquilerbarcodenia.com\/the-denia-boat-rental-blog\/#breadcrumb","itemListElement":[{"@type":"ListItem","position":1,"name":"Portada","item":"https:\/\/alquilerbarcodenia.com\/"},{"@type":"ListItem","position":2,"name":"THE DENIA BOAT RENTAL BLOG"}]},{"@type":"WebSite","@id":"https:\/\/alquilerbarcodenia.com\/en\/#website","url":"https:\/\/alquilerbarcodenia.com\/en\/","name":"BOAT RENTAL DENIA","description":"Alquiler Barco Denia. Alquiler de barcos en Denia con y sin patr\u00f3n al mejor precio. Alquiler de barcas semirr\u00edgidas en el Portet de Denia.","publisher":{"@id":"https:\/\/alquilerbarcodenia.com\/en\/#organization"},"potentialAction":[{"@type":"SearchAction","target":{"@type":"EntryPoint","urlTemplate":"https:\/\/alquilerbarcodenia.com\/en\/?s={search_term_string}"},"query-input":{"@type":"PropertyValueSpecification","valueRequired":true,"valueName":"search_term_string"}}],"inLanguage":"en-US"},{"@type":"Organization","@id":"https:\/\/alquilerbarcodenia.com\/en\/#organization","name":"Boat Rental Denia","url":"https:\/\/alquilerbarcodenia.com\/en\/","logo":{"@type":"ImageObject","inLanguage":"en-US","@id":"https:\/\/alquilerbarcodenia.com\/en\/#\/schema\/logo\/image\/","url":"https:\/\/alquilerbarcodenia.com\/wp-content\/uploads\/2021\/05\/alguiler-barco-denia-logo-2.png","contentUrl":"https:\/\/alquilerbarcodenia.com\/wp-content\/uploads\/2021\/05\/alguiler-barco-denia-logo-2.png","width":143,"height":95,"caption":"Alquiler Barco Denia"},"image":{"@id":"https:\/\/alquilerbarcodenia.com\/en\/#\/schema\/logo\/image\/"}}]}},"_links":{"self":[{"href":"https:\/\/alquilerbarcodenia.com\/en\/wp-json\/wp\/v2\/pages\/433","targetHints":{"allow":["GET"]}}],"collection":[{"href":"https:\/\/alquilerbarcodenia.com\/en\/wp-json\/wp\/v2\/pages"}],"about":[{"href":"https:\/\/alquilerbarcodenia.com\/en\/wp-json\/wp\/v2\/types\/page"}],"author":[{"embeddable":true,"href":"https:\/\/alquilerbarcodenia.com\/en\/wp-json\/wp\/v2\/users\/1"}],"replies":[{"embeddable":true,"href":"https:\/\/alquilerbarcodenia.com\/en\/wp-json\/wp\/v2\/comments?post=433"}],"version-history":[{"count":14,"href":"https:\/\/alquilerbarcodenia.com\/en\/wp-json\/wp\/v2\/pages\/433\/revisions"}],"predecessor-version":[{"id":660,"href":"https:\/\/alquilerbarcodenia.com\/en\/wp-json\/wp\/v2\/pages\/433\/revisions\/660"}],"wp:attachment":[{"href":"https:\/\/alquilerbarcodenia.com\/en\/wp-json\/wp\/v2\/media?parent=433"}],"curies":[{"name":"wp","href":"https:\/\/api.w.org\/{rel}","templated":true}]}}