{"id":173,"date":"2021-05-31T08:44:34","date_gmt":"2021-05-31T08:44:34","guid":{"rendered":"http:\/\/danielo34.sg-host.com\/?page_id=173"},"modified":"2021-07-13T08:45:13","modified_gmt":"2021-07-13T08:45:13","slug":"tours-en-barco","status":"publish","type":"page","link":"https:\/\/alquilerbarcodenia.com\/en\/tours-en-barco\/","title":{"rendered":"BOAT TOURS"},"content":{"rendered":"<div data-elementor-type=\"wp-page\" data-elementor-id=\"173\" class=\"elementor elementor-173\" data-elementor-post-type=\"page\">\n\t\t\t\t\t\t<section class=\"elementor-section elementor-top-section elementor-element elementor-element-b9d0809 elementor-section-height-full elementor-section-boxed elementor-section-height-default elementor-section-items-middle\" data-id=\"b9d0809\" data-element_type=\"section\" data-e-type=\"section\" data-settings=\"{&quot;background_background&quot;:&quot;classic&quot;}\">\n\t\t\t\t\t\t\t<div class=\"elementor-background-overlay\"><\/div>\n\t\t\t\t\t\t\t<div class=\"elementor-container elementor-column-gap-default\">\n\t\t\t\t\t<div class=\"elementor-column elementor-col-100 elementor-top-column elementor-element elementor-element-25069231\" data-id=\"25069231\" data-element_type=\"column\" data-e-type=\"column\">\n\t\t\t<div class=\"elementor-widget-wrap elementor-element-populated\">\n\t\t\t\t\t\t<div class=\"elementor-element elementor-element-780c791d elementor-widget elementor-widget-heading\" data-id=\"780c791d\" data-element_type=\"widget\" data-e-type=\"widget\" data-widget_type=\"heading.default\">\n\t\t\t\t<div class=\"elementor-widget-container\">\n\t\t\t\t\t<h1 class=\"elementor-heading-title elementor-size-default\">BOAT TOURS<\/h1>\t\t\t\t<\/div>\n\t\t\t\t<\/div>\n\t\t\t\t\t<\/div>\n\t\t<\/div>\n\t\t\t\t\t<\/div>\n\t\t<\/section>\n\t\t\t\t<section class=\"elementor-section elementor-top-section elementor-element elementor-element-3f1fd631 elementor-section-boxed elementor-section-height-default elementor-section-height-default\" data-id=\"3f1fd631\" data-element_type=\"section\" data-e-type=\"section\">\n\t\t\t\t\t\t<div class=\"elementor-container elementor-column-gap-default\">\n\t\t\t\t\t<div class=\"elementor-column elementor-col-100 elementor-top-column elementor-element elementor-element-764e4a24\" data-id=\"764e4a24\" data-element_type=\"column\" data-e-type=\"column\">\n\t\t\t<div class=\"elementor-widget-wrap elementor-element-populated\">\n\t\t\t\t\t\t<div class=\"elementor-element elementor-element-73a60211 elementor-widget elementor-widget-heading\" data-id=\"73a60211\" data-element_type=\"widget\" data-e-type=\"widget\" data-widget_type=\"heading.default\">\n\t\t\t\t<div class=\"elementor-widget-container\">\n\t\t\t\t\t<h2 class=\"elementor-heading-title elementor-size-default\">BOAT TRIPS<\/h2>\t\t\t\t<\/div>\n\t\t\t\t<\/div>\n\t\t\t\t<section class=\"elementor-section elementor-inner-section elementor-element elementor-element-52fc1e9c elementor-section-boxed elementor-section-height-default elementor-section-height-default\" data-id=\"52fc1e9c\" data-element_type=\"section\" data-e-type=\"section\">\n\t\t\t\t\t\t<div class=\"elementor-container elementor-column-gap-default\">\n\t\t\t\t\t<div class=\"elementor-column elementor-col-50 elementor-inner-column elementor-element elementor-element-de956c4\" data-id=\"de956c4\" data-element_type=\"column\" data-e-type=\"column\" data-settings=\"{&quot;background_background&quot;:&quot;classic&quot;}\">\n\t\t\t<div class=\"elementor-widget-wrap elementor-element-populated\">\n\t\t\t\t\t<div class=\"elementor-background-overlay\"><\/div>\n\t\t\t\t\t\t<div class=\"elementor-element elementor-element-3fe78888 elementor-widget elementor-widget-spacer\" data-id=\"3fe78888\" data-element_type=\"widget\" data-e-type=\"widget\" data-widget_type=\"spacer.default\">\n\t\t\t\t<div class=\"elementor-widget-container\">\n\t\t\t\t\t\t\t<div class=\"elementor-spacer\">\n\t\t\t<div class=\"elementor-spacer-inner\"><\/div>\n\t\t<\/div>\n\t\t\t\t\t\t<\/div>\n\t\t\t\t<\/div>\n\t\t\t\t<div class=\"elementor-element elementor-element-78cd2d50 elementor-widget elementor-widget-heading\" data-id=\"78cd2d50\" data-element_type=\"widget\" data-e-type=\"widget\" data-widget_type=\"heading.default\">\n\t\t\t\t<div class=\"elementor-widget-container\">\n\t\t\t\t\t<h3 class=\"elementor-heading-title elementor-size-default\">COVA TALLADA<\/h3>\t\t\t\t<\/div>\n\t\t\t\t<\/div>\n\t\t\t\t<div class=\"elementor-element elementor-element-4733e2f7 elementor-widget elementor-widget-text-editor\" data-id=\"4733e2f7\" data-element_type=\"widget\" data-e-type=\"widget\" data-widget_type=\"text-editor.default\">\n\t\t\t\t<div class=\"elementor-widget-container\">\n\t\t\t\t\t\t\t\t\t<p>Boat Trip<\/p>\t\t\t\t\t\t\t\t<\/div>\n\t\t\t\t<\/div>\n\t\t\t\t<div class=\"elementor-element elementor-element-198d0b14 elementor-align-left elementor-widget elementor-widget-button\" data-id=\"198d0b14\" data-element_type=\"widget\" data-e-type=\"widget\" data-widget_type=\"button.default\">\n\t\t\t\t<div class=\"elementor-widget-container\">\n\t\t\t\t\t\t\t\t\t<div class=\"elementor-button-wrapper\">\n\t\t\t\t\t<a class=\"elementor-button elementor-button-link elementor-size-sm\" href=\"https:\/\/fareharbor.com\/embeds\/book\/alquilerbarcodenia\/items\/236701\/?full-items=yes&#038;flow=409972\">\n\t\t\t\t\t\t<span class=\"elementor-button-content-wrapper\">\n\t\t\t\t\t\t\t\t\t<span class=\"elementor-button-text\">make a reservation<\/span>\n\t\t\t\t\t<\/span>\n\t\t\t\t\t<\/a>\n\t\t\t\t<\/div>\n\t\t\t\t\t\t\t\t<\/div>\n\t\t\t\t<\/div>\n\t\t\t\t\t<\/div>\n\t\t<\/div>\n\t\t\t\t<div class=\"elementor-column elementor-col-50 elementor-inner-column elementor-element elementor-element-32c61bbe\" data-id=\"32c61bbe\" data-element_type=\"column\" data-e-type=\"column\" data-settings=\"{&quot;background_background&quot;:&quot;classic&quot;}\">\n\t\t\t<div class=\"elementor-widget-wrap elementor-element-populated\">\n\t\t\t\t\t<div class=\"elementor-background-overlay\"><\/div>\n\t\t\t\t\t\t<div class=\"elementor-element elementor-element-2a561c9f elementor-widget elementor-widget-spacer\" data-id=\"2a561c9f\" data-element_type=\"widget\" data-e-type=\"widget\" data-widget_type=\"spacer.default\">\n\t\t\t\t<div class=\"elementor-widget-container\">\n\t\t\t\t\t\t\t<div class=\"elementor-spacer\">\n\t\t\t<div class=\"elementor-spacer-inner\"><\/div>\n\t\t<\/div>\n\t\t\t\t\t\t<\/div>\n\t\t\t\t<\/div>\n\t\t\t\t<div class=\"elementor-element elementor-element-6b45eb8b elementor-widget elementor-widget-heading\" data-id=\"6b45eb8b\" data-element_type=\"widget\" data-e-type=\"widget\" data-widget_type=\"heading.default\">\n\t\t\t\t<div class=\"elementor-widget-container\">\n\t\t\t\t\t<h3 class=\"elementor-heading-title elementor-size-default\">GROUPS AND BACHELOR PARTIES<\/h3>\t\t\t\t<\/div>\n\t\t\t\t<\/div>\n\t\t\t\t<div class=\"elementor-element elementor-element-1027274b elementor-widget elementor-widget-text-editor\" data-id=\"1027274b\" data-element_type=\"widget\" data-e-type=\"widget\" data-widget_type=\"text-editor.default\">\n\t\t\t\t<div class=\"elementor-widget-container\">\n\t\t\t\t\t\t\t\t\t<p>Groups<\/p>\t\t\t\t\t\t\t\t<\/div>\n\t\t\t\t<\/div>\n\t\t\t\t<div class=\"elementor-element elementor-element-7e3a63a7 elementor-align-left elementor-widget elementor-widget-button\" data-id=\"7e3a63a7\" data-element_type=\"widget\" data-e-type=\"widget\" data-widget_type=\"button.default\">\n\t\t\t\t<div class=\"elementor-widget-container\">\n\t\t\t\t\t\t\t\t\t<div class=\"elementor-button-wrapper\">\n\t\t\t\t\t<a class=\"elementor-button elementor-button-link elementor-size-sm\" href=\"https:\/\/alquilerbarcodenia.com\/en\/contacto\/\">\n\t\t\t\t\t\t<span class=\"elementor-button-content-wrapper\">\n\t\t\t\t\t\t\t\t\t<span class=\"elementor-button-text\">contact<\/span>\n\t\t\t\t\t<\/span>\n\t\t\t\t\t<\/a>\n\t\t\t\t<\/div>\n\t\t\t\t\t\t\t\t<\/div>\n\t\t\t\t<\/div>\n\t\t\t\t\t<\/div>\n\t\t<\/div>\n\t\t\t\t\t<\/div>\n\t\t<\/section>\n\t\t\t\t<section class=\"elementor-section elementor-inner-section elementor-element elementor-element-49841c0d elementor-section-boxed elementor-section-height-default elementor-section-height-default\" data-id=\"49841c0d\" data-element_type=\"section\" data-e-type=\"section\">\n\t\t\t\t\t\t<div class=\"elementor-container elementor-column-gap-default\">\n\t\t\t\t\t<div class=\"elementor-column elementor-col-50 elementor-inner-column elementor-element elementor-element-2d3a8ab\" data-id=\"2d3a8ab\" data-element_type=\"column\" data-e-type=\"column\" data-settings=\"{&quot;background_background&quot;:&quot;classic&quot;}\">\n\t\t\t<div class=\"elementor-widget-wrap elementor-element-populated\">\n\t\t\t\t\t<div class=\"elementor-background-overlay\"><\/div>\n\t\t\t\t\t\t<div class=\"elementor-element elementor-element-3d267b5b elementor-widget elementor-widget-spacer\" data-id=\"3d267b5b\" data-element_type=\"widget\" data-e-type=\"widget\" data-widget_type=\"spacer.default\">\n\t\t\t\t<div class=\"elementor-widget-container\">\n\t\t\t\t\t\t\t<div class=\"elementor-spacer\">\n\t\t\t<div class=\"elementor-spacer-inner\"><\/div>\n\t\t<\/div>\n\t\t\t\t\t\t<\/div>\n\t\t\t\t<\/div>\n\t\t\t\t<div class=\"elementor-element elementor-element-4a506693 elementor-widget elementor-widget-heading\" data-id=\"4a506693\" data-element_type=\"widget\" data-e-type=\"widget\" data-widget_type=\"heading.default\">\n\t\t\t\t<div class=\"elementor-widget-container\">\n\t\t\t\t\t<h3 class=\"elementor-heading-title elementor-size-default\">AT YOUR OWN PACE<\/h3>\t\t\t\t<\/div>\n\t\t\t\t<\/div>\n\t\t\t\t<div class=\"elementor-element elementor-element-29e64dd5 elementor-widget elementor-widget-text-editor\" data-id=\"29e64dd5\" data-element_type=\"widget\" data-e-type=\"widget\" data-widget_type=\"text-editor.default\">\n\t\t\t\t<div class=\"elementor-widget-container\">\n\t\t\t\t\t\t\t\t\t<p>Excursion at your own pace<\/p>\t\t\t\t\t\t\t\t<\/div>\n\t\t\t\t<\/div>\n\t\t\t\t<div class=\"elementor-element elementor-element-24da1899 elementor-align-left elementor-widget elementor-widget-button\" data-id=\"24da1899\" data-element_type=\"widget\" data-e-type=\"widget\" data-widget_type=\"button.default\">\n\t\t\t\t<div class=\"elementor-widget-container\">\n\t\t\t\t\t\t\t\t\t<div class=\"elementor-button-wrapper\">\n\t\t\t\t\t<a class=\"elementor-button elementor-button-link elementor-size-sm\" href=\"https:\/\/fareharbor.com\/embeds\/book\/alquilerbarcodenia\/items\/236694\/?full-items=yes&#038;flow=409972\">\n\t\t\t\t\t\t<span class=\"elementor-button-content-wrapper\">\n\t\t\t\t\t\t\t\t\t<span class=\"elementor-button-text\">make a reservation<\/span>\n\t\t\t\t\t<\/span>\n\t\t\t\t\t<\/a>\n\t\t\t\t<\/div>\n\t\t\t\t\t\t\t\t<\/div>\n\t\t\t\t<\/div>\n\t\t\t\t\t<\/div>\n\t\t<\/div>\n\t\t\t\t<div class=\"elementor-column elementor-col-50 elementor-inner-column elementor-element elementor-element-1ced38c0\" data-id=\"1ced38c0\" data-element_type=\"column\" data-e-type=\"column\" data-settings=\"{&quot;background_background&quot;:&quot;classic&quot;}\">\n\t\t\t<div class=\"elementor-widget-wrap elementor-element-populated\">\n\t\t\t\t\t<div class=\"elementor-background-overlay\"><\/div>\n\t\t\t\t\t\t<div class=\"elementor-element elementor-element-6ca3841b elementor-widget elementor-widget-spacer\" data-id=\"6ca3841b\" data-element_type=\"widget\" data-e-type=\"widget\" data-widget_type=\"spacer.default\">\n\t\t\t\t<div class=\"elementor-widget-container\">\n\t\t\t\t\t\t\t<div class=\"elementor-spacer\">\n\t\t\t<div class=\"elementor-spacer-inner\"><\/div>\n\t\t<\/div>\n\t\t\t\t\t\t<\/div>\n\t\t\t\t<\/div>\n\t\t\t\t<div class=\"elementor-element elementor-element-5b76a927 elementor-widget elementor-widget-heading\" data-id=\"5b76a927\" data-element_type=\"widget\" data-e-type=\"widget\" data-widget_type=\"heading.default\">\n\t\t\t\t<div class=\"elementor-widget-container\">\n\t\t\t\t\t<h3 class=\"elementor-heading-title elementor-size-default\">SNORKEL<\/h3>\t\t\t\t<\/div>\n\t\t\t\t<\/div>\n\t\t\t\t<div class=\"elementor-element elementor-element-ae03a95 elementor-widget elementor-widget-text-editor\" data-id=\"ae03a95\" data-element_type=\"widget\" data-e-type=\"widget\" data-widget_type=\"text-editor.default\">\n\t\t\t\t<div class=\"elementor-widget-container\">\n\t\t\t\t\t\t\t\t\t<p><strong>MINIMUM 4 PEOPLE<\/strong><\/p>\t\t\t\t\t\t\t\t<\/div>\n\t\t\t\t<\/div>\n\t\t\t\t<div class=\"elementor-element elementor-element-7b13730 elementor-align-left elementor-widget elementor-widget-button\" data-id=\"7b13730\" data-element_type=\"widget\" data-e-type=\"widget\" data-widget_type=\"button.default\">\n\t\t\t\t<div class=\"elementor-widget-container\">\n\t\t\t\t\t\t\t\t\t<div class=\"elementor-button-wrapper\">\n\t\t\t\t\t<a class=\"elementor-button elementor-button-link elementor-size-sm\" href=\"https:\/\/alquilerbarcodenia.com\/en\/contacto\/\">\n\t\t\t\t\t\t<span class=\"elementor-button-content-wrapper\">\n\t\t\t\t\t\t\t\t\t<span class=\"elementor-button-text\">contact<\/span>\n\t\t\t\t\t<\/span>\n\t\t\t\t\t<\/a>\n\t\t\t\t<\/div>\n\t\t\t\t\t\t\t\t<\/div>\n\t\t\t\t<\/div>\n\t\t\t\t\t<\/div>\n\t\t<\/div>\n\t\t\t\t\t<\/div>\n\t\t<\/section>\n\t\t\t\t\t<\/div>\n\t\t<\/div>\n\t\t\t\t\t<\/div>\n\t\t<\/section>\n\t\t\t\t<\/div>","protected":false},"excerpt":{"rendered":"<p>TOURS EN BARCO EXCURSIONES EN BARCO COVA TALLADA Excursi\u00f3n en Barco reserva GRUPOS Y DESPEDIDAS Grupos contacto A TU AIRE Excursi\u00f3n a tu Aire reserva SNORKEL M\u00cdNIMO 4 PERSONAS contacto<\/p>","protected":false},"author":1,"featured_media":0,"parent":0,"menu_order":0,"comment_status":"closed","ping_status":"closed","template":"elementor_header_footer","meta":{"footnotes":""},"class_list":["post-173","page","type-page","status-publish","hentry"],"yoast_head":"<!-- This site is optimized with the Yoast SEO plugin v27.6 - https:\/\/yoast.com\/product\/yoast-seo-wordpress\/ -->\n<title>TOURS EN BARCO - ALQUILER BARCO DENIA<\/title>\n<meta name=\"robots\" content=\"index, follow, max-snippet:-1, max-image-preview:large, max-video-preview:-1\" \/>\n<link rel=\"canonical\" href=\"https:\/\/alquilerbarcodenia.com\/en\/tours-en-barco\/\" \/>\n<meta property=\"og:locale\" content=\"en_US\" \/>\n<meta property=\"og:type\" content=\"article\" \/>\n<meta property=\"og:title\" content=\"TOURS EN BARCO - ALQUILER BARCO DENIA\" \/>\n<meta property=\"og:description\" content=\"TOURS EN BARCO EXCURSIONES EN BARCO COVA TALLADA Excursi\u00f3n en Barco reserva GRUPOS Y DESPEDIDAS Grupos contacto A TU AIRE Excursi\u00f3n a tu Aire reserva SNORKEL M\u00cdNIMO 4 PERSONAS contacto\" \/>\n<meta property=\"og:url\" content=\"https:\/\/alquilerbarcodenia.com\/en\/tours-en-barco\/\" \/>\n<meta property=\"og:site_name\" content=\"ALQUILER BARCO DENIA\" \/>\n<meta property=\"article:modified_time\" content=\"2021-07-13T08:45:13+00:00\" \/>\n<meta name=\"twitter:card\" content=\"summary_large_image\" \/>\n<meta name=\"twitter:label1\" content=\"Est. reading time\" \/>\n\t<meta name=\"twitter:data1\" content=\"1 minute\" \/>\n<script type=\"application\/ld+json\" class=\"yoast-schema-graph\">{\"@context\":\"https:\\\/\\\/schema.org\",\"@graph\":[{\"@type\":\"WebPage\",\"@id\":\"https:\\\/\\\/alquilerbarcodenia.com\\\/tours-en-barco\\\/\",\"url\":\"https:\\\/\\\/alquilerbarcodenia.com\\\/tours-en-barco\\\/\",\"name\":\"TOURS EN BARCO - ALQUILER BARCO DENIA\",\"isPartOf\":{\"@id\":\"https:\\\/\\\/alquilerbarcodenia.com\\\/en\\\/#website\"},\"datePublished\":\"2021-05-31T08:44:34+00:00\",\"dateModified\":\"2021-07-13T08:45:13+00:00\",\"breadcrumb\":{\"@id\":\"https:\\\/\\\/alquilerbarcodenia.com\\\/tours-en-barco\\\/#breadcrumb\"},\"inLanguage\":\"en-US\",\"potentialAction\":[{\"@type\":\"ReadAction\",\"target\":[\"https:\\\/\\\/alquilerbarcodenia.com\\\/tours-en-barco\\\/\"]}]},{\"@type\":\"BreadcrumbList\",\"@id\":\"https:\\\/\\\/alquilerbarcodenia.com\\\/tours-en-barco\\\/#breadcrumb\",\"itemListElement\":[{\"@type\":\"ListItem\",\"position\":1,\"name\":\"Portada\",\"item\":\"https:\\\/\\\/alquilerbarcodenia.com\\\/\"},{\"@type\":\"ListItem\",\"position\":2,\"name\":\"TOURS EN BARCO\"}]},{\"@type\":\"WebSite\",\"@id\":\"https:\\\/\\\/alquilerbarcodenia.com\\\/en\\\/#website\",\"url\":\"https:\\\/\\\/alquilerbarcodenia.com\\\/en\\\/\",\"name\":\"ALQUILER BARCO DENIA\",\"description\":\"Alquiler Barco Denia. Alquiler de barcos en Denia con y sin patr\u00f3n al mejor precio. Alquiler de barcas semirr\u00edgidas en el Portet de Denia.\",\"publisher\":{\"@id\":\"https:\\\/\\\/alquilerbarcodenia.com\\\/en\\\/#organization\"},\"potentialAction\":[{\"@type\":\"SearchAction\",\"target\":{\"@type\":\"EntryPoint\",\"urlTemplate\":\"https:\\\/\\\/alquilerbarcodenia.com\\\/en\\\/?s={search_term_string}\"},\"query-input\":{\"@type\":\"PropertyValueSpecification\",\"valueRequired\":true,\"valueName\":\"search_term_string\"}}],\"inLanguage\":\"en-US\"},{\"@type\":\"Organization\",\"@id\":\"https:\\\/\\\/alquilerbarcodenia.com\\\/en\\\/#organization\",\"name\":\"Alquiler Barco Denia\",\"url\":\"https:\\\/\\\/alquilerbarcodenia.com\\\/en\\\/\",\"logo\":{\"@type\":\"ImageObject\",\"inLanguage\":\"en-US\",\"@id\":\"https:\\\/\\\/alquilerbarcodenia.com\\\/en\\\/#\\\/schema\\\/logo\\\/image\\\/\",\"url\":\"https:\\\/\\\/alquilerbarcodenia.com\\\/wp-content\\\/uploads\\\/2021\\\/05\\\/alguiler-barco-denia-logo-2.png\",\"contentUrl\":\"https:\\\/\\\/alquilerbarcodenia.com\\\/wp-content\\\/uploads\\\/2021\\\/05\\\/alguiler-barco-denia-logo-2.png\",\"width\":143,\"height\":95,\"caption\":\"Alquiler Barco Denia\"},\"image\":{\"@id\":\"https:\\\/\\\/alquilerbarcodenia.com\\\/en\\\/#\\\/schema\\\/logo\\\/image\\\/\"}}]}<\/script>\n<!-- \/ Yoast SEO plugin. -->","yoast_head_json":{"title":"TOURS EN BARCO - ALQUILER BARCO DENIA","robots":{"index":"index","follow":"follow","max-snippet":"max-snippet:-1","max-image-preview":"max-image-preview:large","max-video-preview":"max-video-preview:-1"},"canonical":"https:\/\/alquilerbarcodenia.com\/en\/tours-en-barco\/","og_locale":"en_US","og_type":"article","og_title":"TOURS EN BARCO - ALQUILER BARCO DENIA","og_description":"TOURS EN BARCO EXCURSIONES EN BARCO COVA TALLADA Excursi\u00f3n en Barco reserva GRUPOS Y DESPEDIDAS Grupos contacto A TU AIRE Excursi\u00f3n a tu Aire reserva SNORKEL M\u00cdNIMO 4 PERSONAS contacto","og_url":"https:\/\/alquilerbarcodenia.com\/en\/tours-en-barco\/","og_site_name":"ALQUILER BARCO DENIA","article_modified_time":"2021-07-13T08:45:13+00:00","twitter_card":"summary_large_image","twitter_misc":{"Est. reading time":"1 minute"},"schema":{"@context":"https:\/\/schema.org","@graph":[{"@type":"WebPage","@id":"https:\/\/alquilerbarcodenia.com\/tours-en-barco\/","url":"https:\/\/alquilerbarcodenia.com\/tours-en-barco\/","name":"TOURS EN BARCO - ALQUILER BARCO DENIA","isPartOf":{"@id":"https:\/\/alquilerbarcodenia.com\/en\/#website"},"datePublished":"2021-05-31T08:44:34+00:00","dateModified":"2021-07-13T08:45:13+00:00","breadcrumb":{"@id":"https:\/\/alquilerbarcodenia.com\/tours-en-barco\/#breadcrumb"},"inLanguage":"en-US","potentialAction":[{"@type":"ReadAction","target":["https:\/\/alquilerbarcodenia.com\/tours-en-barco\/"]}]},{"@type":"BreadcrumbList","@id":"https:\/\/alquilerbarcodenia.com\/tours-en-barco\/#breadcrumb","itemListElement":[{"@type":"ListItem","position":1,"name":"Portada","item":"https:\/\/alquilerbarcodenia.com\/"},{"@type":"ListItem","position":2,"name":"TOURS EN BARCO"}]},{"@type":"WebSite","@id":"https:\/\/alquilerbarcodenia.com\/en\/#website","url":"https:\/\/alquilerbarcodenia.com\/en\/","name":"BOAT RENTAL DENIA","description":"Alquiler Barco Denia. Alquiler de barcos en Denia con y sin patr\u00f3n al mejor precio. Alquiler de barcas semirr\u00edgidas en el Portet de Denia.","publisher":{"@id":"https:\/\/alquilerbarcodenia.com\/en\/#organization"},"potentialAction":[{"@type":"SearchAction","target":{"@type":"EntryPoint","urlTemplate":"https:\/\/alquilerbarcodenia.com\/en\/?s={search_term_string}"},"query-input":{"@type":"PropertyValueSpecification","valueRequired":true,"valueName":"search_term_string"}}],"inLanguage":"en-US"},{"@type":"Organization","@id":"https:\/\/alquilerbarcodenia.com\/en\/#organization","name":"Boat Rental Denia","url":"https:\/\/alquilerbarcodenia.com\/en\/","logo":{"@type":"ImageObject","inLanguage":"en-US","@id":"https:\/\/alquilerbarcodenia.com\/en\/#\/schema\/logo\/image\/","url":"https:\/\/alquilerbarcodenia.com\/wp-content\/uploads\/2021\/05\/alguiler-barco-denia-logo-2.png","contentUrl":"https:\/\/alquilerbarcodenia.com\/wp-content\/uploads\/2021\/05\/alguiler-barco-denia-logo-2.png","width":143,"height":95,"caption":"Alquiler Barco Denia"},"image":{"@id":"https:\/\/alquilerbarcodenia.com\/en\/#\/schema\/logo\/image\/"}}]}},"_links":{"self":[{"href":"https:\/\/alquilerbarcodenia.com\/en\/wp-json\/wp\/v2\/pages\/173","targetHints":{"allow":["GET"]}}],"collection":[{"href":"https:\/\/alquilerbarcodenia.com\/en\/wp-json\/wp\/v2\/pages"}],"about":[{"href":"https:\/\/alquilerbarcodenia.com\/en\/wp-json\/wp\/v2\/types\/page"}],"author":[{"embeddable":true,"href":"https:\/\/alquilerbarcodenia.com\/en\/wp-json\/wp\/v2\/users\/1"}],"replies":[{"embeddable":true,"href":"https:\/\/alquilerbarcodenia.com\/en\/wp-json\/wp\/v2\/comments?post=173"}],"version-history":[{"count":59,"href":"https:\/\/alquilerbarcodenia.com\/en\/wp-json\/wp\/v2\/pages\/173\/revisions"}],"predecessor-version":[{"id":1340,"href":"https:\/\/alquilerbarcodenia.com\/en\/wp-json\/wp\/v2\/pages\/173\/revisions\/1340"}],"wp:attachment":[{"href":"https:\/\/alquilerbarcodenia.com\/en\/wp-json\/wp\/v2\/media?parent=173"}],"curies":[{"name":"wp","href":"https:\/\/api.w.org\/{rel}","templated":true}]}}